{"id":7322,"date":"2025-05-14T02:59:23","date_gmt":"2025-05-14T02:59:23","guid":{"rendered":"https:\/\/www.largepillow.com\/product\/headboard-backrest-pillow-for-bed-reading-pillow"},"modified":"2025-06-01T00:00:00","modified_gmt":"2025-06-01T00:00:00","slug":"sanggavel-ryggstodskudde-for-sanglasningskudde","status":"publish","type":"product","link":"https:\/\/www.largepillow.com\/sv\/product\/headboard-backrest-pillow-for-bed-reading-pillow","title":{"rendered":"Ryggst\u00f6dskudde f\u00f6r huvudgavel f\u00f6r s\u00e4ngl\u00e4sning"},"content":{"rendered":"[zc_getpagecontent mb=&#8221;mb_aplus&#8221; apid=&#8221;125&#8243;]\n","protected":false},"excerpt":{"rendered":"<ul>\n<li>Ultimat komfort: Denna huvudgavelkudde \u00e4r utformad f\u00f6r att ge dig ultimat komfort n\u00e4r du l\u00e4ser, tittar p\u00e5 TV eller sover. Den passar f\u00f6r s\u00e4ngen, soffan, dagb\u00e4dden och mer!<\/li>\n<li>Denna stora triangul\u00e4ra kudde med utm\u00e4rkt tuftade knappar. Reng\u00f6ringstips: \u00d6rngottet \u00e4r avtagbart och har knapph\u00e5l under varje knapp, men knapph\u00e5len p\u00e5 det veckade tyget \u00e4r mindre, vilket g\u00f6r det mer komplicerat att byta ut \u00f6rngottet.<\/li>\n<li>Multifunktionell: Vissa anv\u00e4nder ryggkudden som huvudgavel, medan andra anv\u00e4nder den som en b\u00e4lteskudde, den kan ocks\u00e5 anv\u00e4ndas som en soffa, dagb\u00e4ddskudde eller h\u00f6rnkudde. Den \u00e4r b\u00e5de snygg och funktionell, vilket g\u00f6r den till ett utm\u00e4rkt tillskott till alla sovrum.<\/li>\n<li>H\u00f6gkvalitativt material: Skalet \u00e4r tillverkat av sl\u00e4tt och mjukt material, \u00f6verdraget p\u00e5 den multifunktionella dagb\u00e4ddens ryggst\u00f6dskudde \u00e4r andningsbart, har en k\u00e4nslig k\u00e4nsla och \u00e4r slitstarkt. Den triangul\u00e4ra kuddinsatsen \u00e4r fylld med PP-bomull, har bra \u00e5terh\u00e4mtning och \u00e4r mjuk, vilket \u00e4r mycket mjukare \u00e4n minnesskum.<\/li>\n<li>Bionics kilkudde: Ergonomisk kudde kan st\u00f6dja ryggens naturliga kr\u00f6kning och ge optimal h\u00f6jning f\u00f6r \u00f6verkroppen, vilket hj\u00e4lper till att f\u00f6rebygga m\u00e5nga h\u00e4lsoproblem. Den g\u00f6r det ocks\u00e5 enkelt f\u00f6r dig att vila n\u00e4r du l\u00e4ser och spelar dator, vilket lindrar stress. Kudden ger utm\u00e4rkt st\u00f6d f\u00f6r rygg och nacke, minskar belastningen p\u00e5 rygg och axlar, och ger bekv\u00e4mt st\u00f6d n\u00e4r du l\u00e4ser och tittar p\u00e5 TV.<\/li>\n<li>Storlek: L\u00e4ngd 140 cm * Bredd 24 cm vid basen * H\u00f6jd 50 cm<\/li>\n<\/ul>","protected":false},"featured_media":7314,"comment_status":"open","ping_status":"closed","template":"","meta":[],"product_brand":[],"product_cat":[15],"product_tag":[],"class_list":{"0":"post-7322","1":"product","2":"type-product","3":"status-publish","4":"has-post-thumbnail","6":"product_cat-large-wedge-pillow","8":"first","9":"instock","10":"shipping-taxable","11":"purchasable","12":"product-type-variable","13":"has-default-attributes"},"_links":{"self":[{"href":"https:\/\/www.largepillow.com\/sv\/wp-json\/wp\/v2\/product\/7322","targetHints":{"allow":["GET"]}}],"collection":[{"href":"https:\/\/www.largepillow.com\/sv\/wp-json\/wp\/v2\/product"}],"about":[{"href":"https:\/\/www.largepillow.com\/sv\/wp-json\/wp\/v2\/types\/product"}],"replies":[{"embeddable":true,"href":"https:\/\/www.largepillow.com\/sv\/wp-json\/wp\/v2\/comments?post=7322"}],"wp:featuredmedia":[{"embeddable":true,"href":"https:\/\/www.largepillow.com\/sv\/wp-json\/wp\/v2\/media\/7314"}],"wp:attachment":[{"href":"https:\/\/www.largepillow.com\/sv\/wp-json\/wp\/v2\/media?parent=7322"}],"wp:term":[{"taxonomy":"product_brand","embeddable":true,"href":"https:\/\/www.largepillow.com\/sv\/wp-json\/wp\/v2\/product_brand?post=7322"},{"taxonomy":"product_cat","embeddable":true,"href":"https:\/\/www.largepillow.com\/sv\/wp-json\/wp\/v2\/product_cat?post=7322"},{"taxonomy":"product_tag","embeddable":true,"href":"https:\/\/www.largepillow.com\/sv\/wp-json\/wp\/v2\/product_tag?post=7322"}],"curies":[{"name":"wp","href":"https:\/\/api.w.org\/{rel}","templated":true}]}}