{"id":7522,"date":"2025-05-19T02:05:08","date_gmt":"2025-05-19T02:05:08","guid":{"rendered":"https:\/\/www.largepillow.com\/product\/fun-clown-pillow-multi-functional-sofabed-support"},"modified":"2025-05-19T04:14:09","modified_gmt":"2025-05-19T04:14:09","slug":"rolig-clownkudde-multifunktionell-baddsoffa-stod","status":"publish","type":"product","link":"https:\/\/www.largepillow.com\/sv\/product\/fun-clown-pillow-multi-functional-sofabed-support","title":{"rendered":"Rolig clownkudde \u2013 multifunktionellt st\u00f6d f\u00f6r soffa\/s\u00e4ng"},"content":{"rendered":"","protected":false},"excerpt":{"rendered":"<ul>\n<li>Multifunktionell design: Denna m\u00e5ngsidiga kudd \u00e4r mer \u00e4n bara ett ryggst\u00f6d \u2013 det \u00e4r ett multifunktionellt verktyg f\u00f6r alla dina behov! Oavsett om du anv\u00e4nder den som en mysig kudde till s\u00e4ngen eller soffan, en rolig clownhatt f\u00f6r fotograferingar eller som en udda rekvisita f\u00f6r att liva upp vilken fest som helst, anpassar den sig enkelt till ditt hum\u00f6r och din situation, vilket g\u00f6r den till ett perfekt tillskott till ditt hem.<\/li>\n<li>H\u00f6gkvalitativa material: Tillverkad av premium, hudv\u00e4nligt sammetstyg och fylld med h\u00f6gkvalitativ PP-bomull, ger denna kudde en mjuk och lyxig k\u00e4nsla samtidigt som den beh\u00e5ller sin form och komfort \u00f6ver tid. Den h\u00f6ga elasticiteten och den slitstarka konstruktionen s\u00e4kerst\u00e4ller l\u00e5ngvarig anv\u00e4ndning, vilket g\u00f6r den till en p\u00e5litlig f\u00f6ljeslagare f\u00f6r b\u00e5de avkoppling och lek.<\/li>\n<li>Perfekt f\u00f6r avkoppling: Upplev ultimat komfort d\u00e5 denna kudden st\u00f6der din l\u00e4ndrygg, nacke och rygg, vilket g\u00f6r den idealisk f\u00f6r avkoppling, l\u00e4sning eller tupplur. Oavsett om du varvar ner i slutet av dagen eller njuter av en vilsam stund i din s\u00e4ng eller soffa, kommer den st\u00f6djande designen att hj\u00e4lpa dig att slappna av och k\u00e4nna dig bekv\u00e4m i timmar.<\/li>\n<li>Nyckfullt och roligt: Den h\u00e4r kudden \u00e4r inte bara funktionell \u2013 den \u00e4r rolig ocks\u00e5! Med sin unika clownhattdesign ger den direkt en lekfull och fantasifull touch till varje \u00f6gonblick. Oavsett om du har en fotografering, deltar i en temafest eller helt enkelt l\u00e4gger till humor i din heminredning, ger den h\u00e4r kudden l\u00e4ttsamhet och gl\u00e4dje vart den \u00e4n g\u00e5r.<\/li>\n<li>Bra presentid\u00e9: Letar du efter en present som sticker ut? Denna clownkudde \u00e4r ett perfekt val f\u00f6r alla \u00e5ldrar, vilket g\u00f6r den till en idealisk present till f\u00f6delsedagar, h\u00f6gtider eller andra speciella tillf\u00e4llen. Oavsett om du \u00f6verraskar en v\u00e4n med en omt\u00e4nksam och lekfull present eller letar efter en rolig festg\u00e5va, kommer denna kudde garanterat att locka fram leenden och skapa best\u00e5ende minnen.<\/li>\n<\/ul>","protected":false},"featured_media":7514,"comment_status":"open","ping_status":"closed","template":"","meta":[],"product_brand":[],"product_cat":[228],"product_tag":[],"class_list":{"0":"post-7522","1":"product","2":"type-product","3":"status-publish","4":"has-post-thumbnail","6":"product_cat-cushions","8":"first","9":"instock","10":"shipping-taxable","11":"purchasable","12":"product-type-simple"},"_links":{"self":[{"href":"https:\/\/www.largepillow.com\/sv\/wp-json\/wp\/v2\/product\/7522","targetHints":{"allow":["GET"]}}],"collection":[{"href":"https:\/\/www.largepillow.com\/sv\/wp-json\/wp\/v2\/product"}],"about":[{"href":"https:\/\/www.largepillow.com\/sv\/wp-json\/wp\/v2\/types\/product"}],"replies":[{"embeddable":true,"href":"https:\/\/www.largepillow.com\/sv\/wp-json\/wp\/v2\/comments?post=7522"}],"wp:featuredmedia":[{"embeddable":true,"href":"https:\/\/www.largepillow.com\/sv\/wp-json\/wp\/v2\/media\/7514"}],"wp:attachment":[{"href":"https:\/\/www.largepillow.com\/sv\/wp-json\/wp\/v2\/media?parent=7522"}],"wp:term":[{"taxonomy":"product_brand","embeddable":true,"href":"https:\/\/www.largepillow.com\/sv\/wp-json\/wp\/v2\/product_brand?post=7522"},{"taxonomy":"product_cat","embeddable":true,"href":"https:\/\/www.largepillow.com\/sv\/wp-json\/wp\/v2\/product_cat?post=7522"},{"taxonomy":"product_tag","embeddable":true,"href":"https:\/\/www.largepillow.com\/sv\/wp-json\/wp\/v2\/product_tag?post=7522"}],"curies":[{"name":"wp","href":"https:\/\/api.w.org\/{rel}","templated":true}]}}