{"id":7531,"date":"2025-05-19T02:23:59","date_gmt":"2025-05-19T02:23:59","guid":{"rendered":"https:\/\/www.largepillow.com\/product\/fries-inspired-bean-bag-couch-chair-comfort-for-everyone"},"modified":"2025-11-05T02:16:40","modified_gmt":"2025-11-05T02:16:40","slug":"pommes-frites-inspirerad-sacksacksoffa-bekvam-for-alla","status":"publish","type":"product","link":"https:\/\/www.largepillow.com\/sv\/product\/fries-inspired-bean-bag-couch-chair-comfort-for-everyone","title":{"rendered":"Pommes frites-inspirerad s\u00e4cks\u00e4cksstol, komfort f\u00f6r alla"},"content":{"rendered":"[zc_getpagecontent mb=&#8221;mb_aplus&#8221; apid=&#8221;122&#8243;]\n","protected":false},"excerpt":{"rendered":"<ul>\n<li>Justerbar och anpassningsbar: S\u00e4cks\u00e4ckarna med pommes frites f\u00f6r ton\u00e5ringar erbjuder fullst\u00e4ndig flexibilitet. Justera positionen och m\u00e4ngden pommes frites f\u00f6r att bibeh\u00e5lla den mest bekv\u00e4ma upplevelsen f\u00f6r din kropp. Ligg helt ner i pommes fritesen f\u00f6r en mysig omslutande k\u00e4nsla, vilket lindrar fysisk tr\u00f6tthet och \u00e5ngest. Sitt i s\u00e4cks\u00e4ckssoffan, l\u00e4s en bok eller njut av en film tillsammans, vilket g\u00f6r er fritid \u00e4nnu roligare.<\/li>\n<li>Unik design med pommes frites: V\u00e5ra s\u00e4ckstolar \u00e4r inspirerade av allas favoritmellanm\u00e5l \u2013 pommes frites! Med 25 individuella pommes frites kan denna s\u00e4ckstol arrangeras i olika h\u00f6jder och kombinationer. Sjunk ner i mellanrummen mellan pommes fritesen, njut av komforten och avkopplingen, eller ha en lekfull &quot;kuddkrig&quot; med v\u00e4nner genom att ta ut pommes fritesen separat. Praktisk och fascinerande, den ger ditt liv en ny niv\u00e5 av n\u00f6je.<\/li>\n<li>\u00d6verl\u00e4gsen komfort och h\u00e5llbarhet: V\u00e5r saccos\u00e4ck med pommes frites \u00e4r tillverkad av mjuk och bekv\u00e4m kort plysch och \u00e4r fylld med fluffig polyester. Upplev njutningen av att sjunka ner och kl\u00e4mma medan pommes fritesen st\u00f6der din kropp. Pommes fritesbeh\u00e5llaren \u00e4r fylld med h\u00f6gdensitetsskum, vilket s\u00e4kerst\u00e4ller l\u00e5ngvarig formbevaring utan deformation. Beh\u00e5llarens dragkedja g\u00f6r det enkelt att reng\u00f6ra och underh\u00e5lla.<\/li>\n<li>Rolig och snygg inredning: Pommes fritesens realistiska f\u00e4rgschema, tillsammans med deras varma och mysiga utseende, ger en touch av gl\u00e4dje till vilket utrymme som helst. Denna unika lazy floor-soffa kan placeras i vilket h\u00f6rn som helst i ditt hem och skapar den perfekta platsen f\u00f6r familjens spelkv\u00e4llar, l\u00e4sning eller l\u00e4randeaktiviteter.<\/li>\n<li>Kompressionspaket: V\u00e5ra s\u00e4cks\u00e4ckar f\u00f6r ton\u00e5ringar \u00e4r vakuumkomprimerade, vilket kan resultera i tillf\u00e4llig deformation och f\u00f6rtunning vid \u00f6ppning. Detta \u00e4r inte ett kvalitetsproblem. V\u00e4nta bara i 48\u201372 timmar, skaka f\u00f6rsiktigt och klappa s\u00e4cks\u00e4cken f\u00f6r att hj\u00e4lpa den att \u00e5terf\u00e5 sin ursprungliga form.<\/li>\n<\/ul>","protected":false},"featured_media":7524,"comment_status":"open","ping_status":"closed","template":"","meta":[],"product_brand":[],"product_cat":[228],"product_tag":[],"class_list":{"0":"post-7531","1":"product","2":"type-product","3":"status-publish","4":"has-post-thumbnail","6":"product_cat-cushions","8":"first","9":"outofstock","10":"sold-individually","11":"shipping-taxable","12":"purchasable","13":"product-type-simple"},"_links":{"self":[{"href":"https:\/\/www.largepillow.com\/sv\/wp-json\/wp\/v2\/product\/7531","targetHints":{"allow":["GET"]}}],"collection":[{"href":"https:\/\/www.largepillow.com\/sv\/wp-json\/wp\/v2\/product"}],"about":[{"href":"https:\/\/www.largepillow.com\/sv\/wp-json\/wp\/v2\/types\/product"}],"replies":[{"embeddable":true,"href":"https:\/\/www.largepillow.com\/sv\/wp-json\/wp\/v2\/comments?post=7531"}],"wp:featuredmedia":[{"embeddable":true,"href":"https:\/\/www.largepillow.com\/sv\/wp-json\/wp\/v2\/media\/7524"}],"wp:attachment":[{"href":"https:\/\/www.largepillow.com\/sv\/wp-json\/wp\/v2\/media?parent=7531"}],"wp:term":[{"taxonomy":"product_brand","embeddable":true,"href":"https:\/\/www.largepillow.com\/sv\/wp-json\/wp\/v2\/product_brand?post=7531"},{"taxonomy":"product_cat","embeddable":true,"href":"https:\/\/www.largepillow.com\/sv\/wp-json\/wp\/v2\/product_cat?post=7531"},{"taxonomy":"product_tag","embeddable":true,"href":"https:\/\/www.largepillow.com\/sv\/wp-json\/wp\/v2\/product_tag?post=7531"}],"curies":[{"name":"wp","href":"https:\/\/api.w.org\/{rel}","templated":true}]}}