{"id":7563,"date":"2025-05-19T03:29:58","date_gmt":"2025-05-19T03:29:58","guid":{"rendered":"https:\/\/www.largepillow.com\/product\/foldable-book-shaped-floor-pillow-cushion-unique-fun-gift"},"modified":"2025-06-17T23:03:30","modified_gmt":"2025-06-17T23:03:30","slug":"hopfallbar-bokformad-golvkudde-kudde-unik-rolig-present","status":"publish","type":"product","link":"https:\/\/www.largepillow.com\/sv\/product\/foldable-book-shaped-floor-pillow-cushion-unique-fun-gift","title":{"rendered":"Hopf\u00e4llbar bokformad golvkudde, unik rolig present"},"content":{"rendered":"[zc_getpagecontent mb=&#8221;mb_aplus&#8221; apid=&#8221;106&#8243;]\n","protected":false},"excerpt":{"rendered":"<ul>\n<li>M\u00e5ngsidighet och kreativitet \u2013 Den anteckningsboksformade golvkudden \u00e4r mer \u00e4n bara en plats att sitta p\u00e5; den \u00e4r en blandning av praktiskhet och kreativitet. N\u00e4r den \u00f6ppnas f\u00f6rvandlas den till tv\u00e5 sammankopplade kuddar, vilket ger extra sittplats eller ett ryggst\u00f6d, vilket g\u00f6r den idealisk f\u00f6r b\u00e5de hem- och kontorsmilj\u00f6er. Dess unika anteckningsboksutseende ger inte bara en lekfull touch till heminredningen utan v\u00e4cker ocks\u00e5 din fantasi.<\/li>\n<li>Bekv\u00e4m f\u00f6rvaring \u2013 Denna kudde har ett f\u00f6rvaringsfack, vilket g\u00f6r den inte bara till en bekv\u00e4m sits utan ocks\u00e5 en praktisk f\u00f6rvaringsl\u00f6sning. Du kan enkelt f\u00f6rvara b\u00f6cker, tidskrifter eller andra sm\u00e5saker, vilket h\u00e5ller utrymmena snygga samtidigt som du har l\u00e4smaterial inom r\u00e4ckh\u00e5ll, perfekt f\u00f6r bok\u00e4lskare.<\/li>\n<li>Bekv\u00e4m l\u00e4supplevelse \u2013 Med h\u00f6gdensitetsskum med h\u00f6gt st\u00f6d erbjuder v\u00e5r kudde en bekv\u00e4m sittupplevelse och st\u00f6d, vilket s\u00e4kerst\u00e4ller att b\u00e5de barn och vuxna kan njuta av en mysig l\u00e4sh\u00f6rna p\u00e5 golvet, vilket minskar obehaget fr\u00e5n l\u00e5nga l\u00e4ssessioner.<\/li>\n<li>Multifunktionalitet f\u00f6r fotografering och inredning \u2013 Den unika designen och de livfulla f\u00e4rgerna p\u00e5 denna kudde g\u00f6r den till en utm\u00e4rkt rekvisita inom fotografering. Den kan ge en kreativ bakgrund f\u00f6r familjefoton eller professionella fotograferingar och \u00e4ven fungera som en del av inomhusdekorationen, vilket ger liv och personlighet till vilket utrymme som helst.<\/li>\n<li>Perfekt f\u00f6r h\u00f6gtider och presenter \u2013 En perfekt julklapp f\u00f6r dig som letar efter n\u00e5got b\u00e5de roligt och praktiskt. Det \u00e4r inte bara en bra julklapp utan ocks\u00e5 en speciell present f\u00f6r alla firanden som f\u00f6delsedagar och halloween, som ger \u00f6verraskningar och skratt till dina v\u00e4nner och familj.<\/li>\n<\/ul>","protected":false},"featured_media":7551,"comment_status":"open","ping_status":"closed","template":"","meta":[],"product_brand":[],"product_cat":[228],"product_tag":[],"class_list":{"0":"post-7563","1":"product","2":"type-product","3":"status-publish","4":"has-post-thumbnail","6":"product_cat-cushions","8":"first","9":"outofstock","10":"sold-individually","11":"shipping-taxable","12":"purchasable","13":"product-type-simple"},"_links":{"self":[{"href":"https:\/\/www.largepillow.com\/sv\/wp-json\/wp\/v2\/product\/7563","targetHints":{"allow":["GET"]}}],"collection":[{"href":"https:\/\/www.largepillow.com\/sv\/wp-json\/wp\/v2\/product"}],"about":[{"href":"https:\/\/www.largepillow.com\/sv\/wp-json\/wp\/v2\/types\/product"}],"replies":[{"embeddable":true,"href":"https:\/\/www.largepillow.com\/sv\/wp-json\/wp\/v2\/comments?post=7563"}],"wp:featuredmedia":[{"embeddable":true,"href":"https:\/\/www.largepillow.com\/sv\/wp-json\/wp\/v2\/media\/7551"}],"wp:attachment":[{"href":"https:\/\/www.largepillow.com\/sv\/wp-json\/wp\/v2\/media?parent=7563"}],"wp:term":[{"taxonomy":"product_brand","embeddable":true,"href":"https:\/\/www.largepillow.com\/sv\/wp-json\/wp\/v2\/product_brand?post=7563"},{"taxonomy":"product_cat","embeddable":true,"href":"https:\/\/www.largepillow.com\/sv\/wp-json\/wp\/v2\/product_cat?post=7563"},{"taxonomy":"product_tag","embeddable":true,"href":"https:\/\/www.largepillow.com\/sv\/wp-json\/wp\/v2\/product_tag?post=7563"}],"curies":[{"name":"wp","href":"https:\/\/api.w.org\/{rel}","templated":true}]}}