{"id":7571,"date":"2025-05-19T03:46:33","date_gmt":"2025-05-19T03:46:33","guid":{"rendered":"https:\/\/www.largepillow.com\/product\/3d-felt-donut-pet-bed-with-mat-for-cats-small-dogs"},"modified":"2025-05-19T04:14:09","modified_gmt":"2025-05-19T04:14:09","slug":"3d-filtmunkbadd-med-matta-for-katter-sma-hundar","status":"publish","type":"product","link":"https:\/\/www.largepillow.com\/sv\/product\/3d-felt-donut-pet-bed-with-mat-for-cats-small-dogs","title":{"rendered":"3D-filtb\u00e4dd med munkar och matta f\u00f6r katter och sm\u00e5 hundar"},"content":{"rendered":"[zc_getpagecontent mb=&#8221;mb_aplus&#8221; apid=&#8221;123&#8243;]\n","protected":false},"excerpt":{"rendered":"<ul>\n<li>Trendig munkinspirerad design \u2013 V\u00e5r husdjursb\u00e4dd \u00e4r inte bara en plats f\u00f6r din p\u00e4lskling att vila p\u00e5; den \u00e4r ett i\u00f6gonfallande f\u00f6rem\u00e5l; Har en parametrisk konstinfluerad design med ett livfullt f\u00e4rgschema. Detta \u00e4r inte bara en b\u00e4dd; det \u00e4r ett elegant inredningselement som kan f\u00f6rvandla vilket rum som helst i ditt hem.<\/li>\n<li>Enkel 3D-pussel g\u00f6r-det-sj\u00e4lv-montering \u2013 F\u00f6rvandla processen att s\u00e4tta i ordning ditt husdjurs s\u00e4ng till en minnesv\u00e4rd upplevelse; V\u00e5r lilla hunds\u00e4ng \u00e4r tillverkad med en h\u00f6gh\u00e5llfast filtram, monteringen \u00e4r en barnlek. Det \u00e4r s\u00e5 enkelt att du kan involvera hela familjen och skapa en rolig och engagerande aktivitet samtidigt som du bygger en mysig fristad f\u00f6r ditt \u00e4lskade husdjur.<\/li>\n<li>B\u00e4rbar och l\u00e4tt att f\u00e4lla ihop \u2013 Dess hopf\u00e4llbara design g\u00f6r att den kan f\u00f6rvandlas till en kompakt storlek och passar perfekt i bagageutrymmet, resv\u00e4skan eller f\u00f6rvaringssk\u00e5pet. Oavsett om du ger dig ut p\u00e5 en bilresa, flyttar till ett nytt hem eller bara bes\u00f6ker en v\u00e4n, kan ditt husdjur njuta av en v\u00e4lbekant och bekv\u00e4m viloplats vart du \u00e4n g\u00e5r.<\/li>\n<li>H\u00e5llbarhet m\u00f6ter komfort \u2013 Kudden \u00e4r t\u00e4ckt av ett supermjukt, hudv\u00e4nligt sammetstyg, vilket garanterar en mild ber\u00f6ring mot ditt husdjurs p\u00e4ls; Fylld med h\u00f6gdensitets PP-bomull, erbjuder den en plyschig, molnliknande komfort som ditt husdjur kommer att \u00e4lska.<\/li>\n<li>Rymlig oas f\u00f6r sm\u00e5 husdjur \u2013 Oavsett om du \u00e4r en stolt \u00e4gare till en perser-, ragdoll- eller korth\u00e5rig katt, eller om du har sm\u00e5 hundraser som pudlar, pomeranians eller chihuahuas, erbjuder v\u00e5r husdjursb\u00e4dd gott om utrymme f\u00f6r dem att slappna av, str\u00e4cka p\u00e5 sig och sova bekv\u00e4mt.<\/li>\n<\/ul>","protected":false},"featured_media":7564,"comment_status":"open","ping_status":"closed","template":"","meta":[],"product_brand":[],"product_cat":[227],"product_tag":[],"class_list":{"0":"post-7571","1":"product","2":"type-product","3":"status-publish","4":"has-post-thumbnail","6":"product_cat-pet-supplies","8":"first","9":"instock","10":"shipping-taxable","11":"purchasable","12":"product-type-simple"},"_links":{"self":[{"href":"https:\/\/www.largepillow.com\/sv\/wp-json\/wp\/v2\/product\/7571","targetHints":{"allow":["GET"]}}],"collection":[{"href":"https:\/\/www.largepillow.com\/sv\/wp-json\/wp\/v2\/product"}],"about":[{"href":"https:\/\/www.largepillow.com\/sv\/wp-json\/wp\/v2\/types\/product"}],"replies":[{"embeddable":true,"href":"https:\/\/www.largepillow.com\/sv\/wp-json\/wp\/v2\/comments?post=7571"}],"wp:featuredmedia":[{"embeddable":true,"href":"https:\/\/www.largepillow.com\/sv\/wp-json\/wp\/v2\/media\/7564"}],"wp:attachment":[{"href":"https:\/\/www.largepillow.com\/sv\/wp-json\/wp\/v2\/media?parent=7571"}],"wp:term":[{"taxonomy":"product_brand","embeddable":true,"href":"https:\/\/www.largepillow.com\/sv\/wp-json\/wp\/v2\/product_brand?post=7571"},{"taxonomy":"product_cat","embeddable":true,"href":"https:\/\/www.largepillow.com\/sv\/wp-json\/wp\/v2\/product_cat?post=7571"},{"taxonomy":"product_tag","embeddable":true,"href":"https:\/\/www.largepillow.com\/sv\/wp-json\/wp\/v2\/product_tag?post=7571"}],"curies":[{"name":"wp","href":"https:\/\/api.w.org\/{rel}","templated":true}]}}