{"id":7579,"date":"2025-05-19T04:00:06","date_gmt":"2025-05-19T04:00:06","guid":{"rendered":"https:\/\/www.largepillow.com\/product\/high-side-washable-calming-beds-for-dogs-cats"},"modified":"2026-02-05T21:14:43","modified_gmt":"2026-02-05T21:14:43","slug":"hoga-tvattbara-lugnande-sangar-for-hundar-och-katter","status":"publish","type":"product","link":"https:\/\/www.largepillow.com\/sv\/product\/high-side-washable-calming-beds-for-dogs-cats\/","title":{"rendered":"H\u00f6ga tv\u00e4ttbara lugnande b\u00e4ddar f\u00f6r hundar och katter"},"content":{"rendered":"[zc_getpagecontent mb=&#8221;mb_aplus&#8221; apid=&#8221;121&#8243;]\n","protected":false},"excerpt":{"rendered":"<ul>\n<li>H\u00f6ga sidor f\u00f6r ultimat s\u00e4kerhet \u2013 Med h\u00f6gt bolster skapar denna \u00e5ngestd\u00e4mpande husdjurss\u00e4ng ett mysigt och s\u00e4kert utrymme f\u00f6r dina sm\u00e5 hundar och kattungar. De upph\u00f6jda v\u00e4ggarna ger en k\u00e4nsla av komfort och efterliknar en varm omfamning, vilket hj\u00e4lper husdjur att k\u00e4nna sig trygga och avslappnade, vilket fr\u00e4mjar djupare och mer vilsam s\u00f6mn.<\/li>\n<li>Djup s\u00f6mn och lugnande effekt \u2013 Denna lugnande hundb\u00e4dd \u00e4r utformad f\u00f6r att uppmuntra djup, oavbruten s\u00f6mn och \u00e4r perfekt f\u00f6r husdjur som beh\u00f6ver en fridfull viloplats. De mjuka och plyschiga materialen, i kombination med de h\u00f6ga sidorna, lugnar oroliga husdjur, vilket g\u00f6r den till ett idealiskt val f\u00f6r de som \u00e4r ben\u00e4gna att stressa eller vara hyperaktiva.<\/li>\n<li>Tv\u00e4ttbar f\u00f6r problemfritt underh\u00e5ll \u2013 Den bekv\u00e4ma s\u00e4ngen har ett avtagbart och tv\u00e4ttbart \u00f6verdrag, vilket s\u00e4kerst\u00e4ller enkel reng\u00f6ring och en hygienisk milj\u00f6 f\u00f6r dina lurviga v\u00e4nner. Ta bara bort \u00f6verdraget och sl\u00e4ng det i tv\u00e4ttmaskinen f\u00f6r att h\u00e5lla s\u00e4ngen fr\u00e4sch och fri fr\u00e5n smuts, h\u00e5r och lukt.<\/li>\n<li>Perfekt f\u00f6r sm\u00e5 hundar och kattungar \u2013 Den h\u00e4r s\u00e4ngen \u00e4r designad med sm\u00e5 hundar och kattungar i \u00e5tanke och erbjuder precis r\u00e4tt m\u00e4ngd utrymme f\u00f6r att de ska kunna krypa upp och koppla av. Dess kompakta storlek g\u00f6r den l\u00e4mplig f\u00f6r olika bostadsutrymmen, oavsett om det \u00e4r en mysig vr\u00e5 i sovrummet eller en plats i vardagsrummet.<\/li>\n<li>Robust och h\u00e5llbar konstruktion \u2013 Tillverkad av h\u00f6gkvalitativa material, inklusive en robust svampbas och slitstarka sammetssidor, \u00e4r denna husdjursb\u00e4dd byggd f\u00f6r att h\u00e5lla; Den halkfria botten h\u00e5ller b\u00e4dden p\u00e5 plats och f\u00f6rhindrar att den glider runt n\u00e4r ditt husdjur r\u00f6r sig, vilket s\u00e4kerst\u00e4ller l\u00e5ngvarig anv\u00e4ndning och stabilitet.<\/li>\n<li>Avtagbar bolster f\u00f6r anpassningsbar komfort \u2013 Den h\u00f6ga bolstern p\u00e5 denna husdjursb\u00e4dd \u00e4r bekv\u00e4mt avtagbar, s\u00e5 att du kan justera s\u00e4ngens inst\u00e4llning efter ditt husdjurs preferenser. Bolstern f\u00e4sts s\u00e4kert p\u00e5 husdjursmattan. N\u00e4r den tas bort kan husdjursmattan anv\u00e4ndas separat, vilket ger ett m\u00e5ngsidigt alternativ f\u00f6r ditt husdjurs olika behov.<\/li>\n<\/ul>","protected":false},"featured_media":7572,"comment_status":"open","ping_status":"closed","template":"","meta":[],"product_brand":[],"product_cat":[227],"product_tag":[],"class_list":{"0":"post-7579","1":"product","2":"type-product","3":"status-publish","4":"has-post-thumbnail","6":"product_cat-pet-supplies","8":"first","9":"instock","10":"shipping-taxable","11":"purchasable","12":"product-type-simple"},"_links":{"self":[{"href":"https:\/\/www.largepillow.com\/sv\/wp-json\/wp\/v2\/product\/7579","targetHints":{"allow":["GET"]}}],"collection":[{"href":"https:\/\/www.largepillow.com\/sv\/wp-json\/wp\/v2\/product"}],"about":[{"href":"https:\/\/www.largepillow.com\/sv\/wp-json\/wp\/v2\/types\/product"}],"replies":[{"embeddable":true,"href":"https:\/\/www.largepillow.com\/sv\/wp-json\/wp\/v2\/comments?post=7579"}],"wp:featuredmedia":[{"embeddable":true,"href":"https:\/\/www.largepillow.com\/sv\/wp-json\/wp\/v2\/media\/7572"}],"wp:attachment":[{"href":"https:\/\/www.largepillow.com\/sv\/wp-json\/wp\/v2\/media?parent=7579"}],"wp:term":[{"taxonomy":"product_brand","embeddable":true,"href":"https:\/\/www.largepillow.com\/sv\/wp-json\/wp\/v2\/product_brand?post=7579"},{"taxonomy":"product_cat","embeddable":true,"href":"https:\/\/www.largepillow.com\/sv\/wp-json\/wp\/v2\/product_cat?post=7579"},{"taxonomy":"product_tag","embeddable":true,"href":"https:\/\/www.largepillow.com\/sv\/wp-json\/wp\/v2\/product_tag?post=7579"}],"curies":[{"name":"wp","href":"https:\/\/api.w.org\/{rel}","templated":true}]}}