{"id":759,"date":"2022-09-16T07:57:41","date_gmt":"2022-09-16T07:57:41","guid":{"rendered":"https:\/\/www.largepillow.com\/product\/wedge-pillow-for-acid-reflux_37_38"},"modified":"2026-02-07T07:41:51","modified_gmt":"2026-02-07T07:41:51","slug":"stor-huvudgavelkudde","status":"publish","type":"product","link":"https:\/\/www.largepillow.com\/sv\/product\/large-headboard-cushion","title":{"rendered":"Stor kudde f\u00f6r huvudgaveln"},"content":{"rendered":"<p>Uppt\u00e4ck komforten med den stora huvudgaveln<\/p>\n<p>Om du \u00e4lskar att l\u00e4sa eller titta p\u00e5 TV i s\u00e4ngen men har sv\u00e5rt att f\u00e5 det bekv\u00e4mt, \u00e4r den stora huvudgavelskudden den perfekta l\u00f6sningen. Denna extra stora kudd f\u00f6rvandlar din s\u00e4ng till en avkopplande oas. <\/p>\n<p>Med sin b\u00f6jda form och upph\u00f6jda ryggst\u00f6dsdesign med dubbla rader omsluter den stora huvudgaveln dig med mjukt st\u00f6d. \u00d6verdraget i 100%-polyester och den h\u00f6gelastiska fiberfyllningen ger en mjukhet som varar. Som en kund sa: \u201cDenna kudd \u00e4r extremt bekv\u00e4m och ger bra st\u00f6d f\u00f6r ryggen n\u00e4r man sitter upp i s\u00e4ngen.\u201d<\/p>\n<p>Oavsett hur du gillar att koppla av, har den stora huvudgavelsdynan det du beh\u00f6ver. Anv\u00e4nd den uppr\u00e4tt som ett ryggst\u00f6d f\u00f6r att l\u00e4sa, luta dig tillbaka mot den f\u00f6r att titta p\u00e5 film handsfree eller placera den under benen f\u00f6r \u00f6kad komfort. En recensent kommenterade: &quot;Jag gillar att ha m\u00f6jligheten att anv\u00e4nda den p\u00e5 s\u00e5 m\u00e5nga olika s\u00e4tt.&quot;\u201c  <\/p>\n<p>Denna m\u00e5ngsidiga kudde har \u00e4ven sidofickor f\u00f6r att h\u00e5lla fj\u00e4rrkontroller, b\u00f6cker och andra enheter inom r\u00e4ckh\u00e5ll. Den finns i en m\u00e4ngd olika storlekar fr\u00e5n 100 cm upp till 200 cm bred f\u00f6r att passa alla s\u00e4ngar. Det avtagbara \u00f6verdraget g\u00f6r reng\u00f6ringen enkel \u2013 bara \u00f6ppna dragkedjan och maskintv\u00e4tta.<\/p>\n<p>Med \u00f6verl\u00e4gsen komfort och hantverksskicklighet str\u00e4var den stora huvudgavelkudden efter att tillfredsst\u00e4lla. Som en kund uttryckte begeistrat: \u201cDenna kudd g\u00f6r det till en s\u00e5 lyxig upplevelse att slappa i s\u00e4ngen!\u201d<\/p>\n<p>F\u00f6rh\u00f6j din avkoppling med den m\u00e5ngsidiga komforten hos den stora huvudgavelkudden. Best\u00e4ll din idag!<\/p>","protected":false},"excerpt":{"rendered":"<ul>\n<li><strong>Ultimat komfort:<\/strong> Denna extra stora kudde med f\u00f6rh\u00f6jd huvudgavel erbjuder utm\u00e4rkt komfort tack vare sin rundade form. Denna l\u00e4skudde f\u00f6r huvudgaveln kan hj\u00e4lpa dig att h\u00e5lla dig sp\u00e4nningsfri i s\u00e4ngsoffan, dagb\u00e4dden eller soffan, vilket \u00e4r perfekt f\u00f6r arbetande nattugglor, bokmalar och f\u00f6r att titta p\u00e5 TV i s\u00e4ngen.<\/li>\n<li><strong>F\u00f6rh\u00f6jd ryggst\u00f6dsdesign:<\/strong> Njut av o\u00f6vertr\u00e4ffad komfort med v\u00e5r huvudgavelkuddes unika design med dubbla rader och upph\u00f6jt ryggst\u00f6d. Den upph\u00f6jda huvudgavelkudde ger \u00f6verl\u00e4gset st\u00f6d f\u00f6r din nacke och rygg, vilket g\u00f6r den till den perfekta platsen att koppla av och l\u00e4sa i s\u00e4ngen.<\/li>\n<li><strong>Multifunktionell kudde:<\/strong> Med tre olika s\u00e4tt att anv\u00e4nda den \u00e4r v\u00e5r kudde perfekt f\u00f6r alla situationer. Oavsett om du f\u00f6redrar att anv\u00e4nda den som en uppr\u00e4tt ryggkudde, en kilkudde eller en benkudde f\u00f6r upph\u00f6jt st\u00f6d, \u00e4r den det perfekta tillbeh\u00f6ret f\u00f6r bekv\u00e4m vila och avkoppling.<\/li>\n<li><strong>\u00d6verl\u00e4gset hantverk:<\/strong> Tillverkad av linneliknande tyg med sammans\u00e4ttningen 100% polyester, \u00e4r v\u00e5r huvudgavelkudde fylld med milj\u00f6v\u00e4nlig och h\u00f6gelastisk polyesterfiber. Den avtagbara bolsterdynan \u00e4r enkel att maskintv\u00e4tta, medan de sm\u00e5 sidofickorna g\u00f6r denna redan lyxiga produkt praktisk.<\/li>\n<li><strong>L\u00e4tt att tv\u00e4tta:<\/strong> \u00d6verdraget till huvudgaveln \u00e4r f\u00e4st vid kuddens insida med knappar och \u00e4r enkelt att ta bort med en enkel dragkedja. Detta g\u00f6r reng\u00f6ringen problemfri. Ta bara bort \u00f6verdraget och tv\u00e4tta det snabbt i maskin f\u00f6r att f\u00e5 din kudde att se ut som ny.<\/li>\n<li><strong>Storlek:<\/strong> 100 cm (L100 x B26 x H55 | 3 kolumner med knappar), 120 cm (L120 x B26 x H55 | 4 kolumner med knappar), 140 cm (L140 x B26 x H55 | 4 kolumner med knappar), 160 cm (L160 x B26 x H55 | 5 kolumner med knappar), 180 cm (L180 x B26 x H55 | 6 kolumner med knappar), 200 cm (L200 x B26 x H55 | 7 kolumner med knappar).<\/li>\n<\/ul>","protected":false},"featured_media":745,"comment_status":"open","ping_status":"closed","template":"","meta":[],"product_brand":[],"product_cat":[15],"product_tag":[66,164,161,171,143,59,162],"class_list":{"0":"post-759","1":"product","2":"type-product","3":"status-publish","4":"has-post-thumbnail","6":"product_cat-large-wedge-pillow","7":"product_tag-back-support-pillow","8":"product_tag-detachable-bolster-bed-cushion","9":"product_tag-elevated-headboard-pillow","10":"product_tag-large-headboard-cushion","11":"product_tag-multifunctional-pillow","12":"product_tag-reading-pillow","13":"product_tag-upright-back-pillow","15":"first","16":"instock","17":"featured","18":"shipping-taxable","19":"purchasable","20":"product-type-variable"},"_links":{"self":[{"href":"https:\/\/www.largepillow.com\/sv\/wp-json\/wp\/v2\/product\/759","targetHints":{"allow":["GET"]}}],"collection":[{"href":"https:\/\/www.largepillow.com\/sv\/wp-json\/wp\/v2\/product"}],"about":[{"href":"https:\/\/www.largepillow.com\/sv\/wp-json\/wp\/v2\/types\/product"}],"replies":[{"embeddable":true,"href":"https:\/\/www.largepillow.com\/sv\/wp-json\/wp\/v2\/comments?post=759"}],"wp:featuredmedia":[{"embeddable":true,"href":"https:\/\/www.largepillow.com\/sv\/wp-json\/wp\/v2\/media\/745"}],"wp:attachment":[{"href":"https:\/\/www.largepillow.com\/sv\/wp-json\/wp\/v2\/media?parent=759"}],"wp:term":[{"taxonomy":"product_brand","embeddable":true,"href":"https:\/\/www.largepillow.com\/sv\/wp-json\/wp\/v2\/product_brand?post=759"},{"taxonomy":"product_cat","embeddable":true,"href":"https:\/\/www.largepillow.com\/sv\/wp-json\/wp\/v2\/product_cat?post=759"},{"taxonomy":"product_tag","embeddable":true,"href":"https:\/\/www.largepillow.com\/sv\/wp-json\/wp\/v2\/product_tag?post=759"}],"curies":[{"name":"wp","href":"https:\/\/api.w.org\/{rel}","templated":true}]}}