{"id":7724,"date":"2025-05-23T03:43:35","date_gmt":"2025-05-23T03:43:35","guid":{"rendered":"https:\/\/www.largepillow.com\/product\/calming-dog-bed-with-removable-cushion-indoor-round-kennel"},"modified":"2025-05-28T01:44:41","modified_gmt":"2025-05-28T01:44:41","slug":"lugnande-hundbadd-med-avtagbar-kudde-inomhus-rund-hundkoja","status":"publish","type":"product","link":"https:\/\/www.largepillow.com\/sv\/product\/calming-dog-bed-with-removable-cushion-indoor-round-kennel\/","title":{"rendered":"Lugnande hundb\u00e4dd med avtagbar kudde, rund inomhuskoja"},"content":{"rendered":"[zc_getpagecontent mb=&#8221;mb_aplus&#8221; apid=&#8221;120&#8243;]\n","protected":false},"excerpt":{"rendered":"<ul>\n<li>Unik gosdesign \u2013 Inspirerad av \u00f6mma kramar har denna kraminspirerade cirkul\u00e4ra hundb\u00e4dd en cirkul\u00e4r design med h\u00f6ga kanter, vilket g\u00f6r att de k\u00e4nner sig som om de h\u00e5lls fast av sin \u00e4gare hela tiden, vilket ger en fullst\u00e4ndig k\u00e4nsla av trygghet.<\/li>\n<li>Lugnande och \u00e5ngestd\u00e4mpande \u2013 Hundb\u00e4ddens unika konstruktion skapar en ideliknande milj\u00f6, hj\u00e4lper till att minska \u00e5ngest hos hundar och ger en k\u00e4nsla av trygghet och komfort. Det \u00e4r ett idealiskt val f\u00f6r hundar som l\u00e4tt blir stressade, oavsett om det beror p\u00e5 separations\u00e5ngest, \u00e5skv\u00e4der eller nya milj\u00f6er.<\/li>\n<li>Hel\u00e5rsmatta \u2013 Med en v\u00e4ndbar hundmattadesign kan mattan med olika material p\u00e5 b\u00e5da sidor anpassas till olika \u00e5rstider; Sammetssidan \u00e4r varm och bekv\u00e4m p\u00e5 vintern, medan den andra sidan \u00e4r uppfriskande och andningsbar p\u00e5 sommaren, vilket m\u00f6jligg\u00f6r anv\u00e4ndning \u00e5ret runt och tar hand om din hunds s\u00f6mn \u00e5ret runt.<\/li>\n<li>H\u00f6gkvalitativa material \u2013 Best\u00e5ende av ett varmt sammets\u00f6verdrag, oxfordtyg, h\u00f6gdensitets PP-bomull, h\u00f6gst\u00f6djande skum och en halkfri dyna. Den \u00e4r inte bara mjuk och bekv\u00e4m utan har ocks\u00e5 utm\u00e4rkt st\u00f6d och halkfria egenskaper, vilket g\u00f6r din hunds anv\u00e4ndning mer trygg och s\u00e4kerst\u00e4ller produktens h\u00e5llbarhet.<\/li>\n<li>Enkelt underh\u00e5ll \u2013 Hundb\u00e4dden \u00e4r utformad f\u00f6r att vara avtagbar och maskintv\u00e4ttbar; \u00f6ppna bara dragkedjan, ta ut bottenskummet och PP-bomullen och l\u00e4gg enkelt \u00f6verdraget i tv\u00e4ttmaskinen; Detta l\u00f6ser enkelt reng\u00f6ringsproblemet och h\u00e5ller hundb\u00e4dden ren och hygienisk.<\/li>\n<li>Storlek: Mellan \u2013 76*76*30 cm (30,0 L x 30,0 B x 12,0 T); Stor \u2013 110*110*35 cm (45,0 L x 45,0 B x 14,0 T).<\/li>\n<\/ul>","protected":false},"featured_media":7713,"comment_status":"open","ping_status":"closed","template":"","meta":[],"product_brand":[],"product_cat":[227],"product_tag":[],"class_list":{"0":"post-7724","1":"product","2":"type-product","3":"status-publish","4":"has-post-thumbnail","6":"product_cat-pet-supplies","8":"first","9":"instock","10":"shipping-taxable","11":"purchasable","12":"product-type-variable","13":"has-default-attributes"},"_links":{"self":[{"href":"https:\/\/www.largepillow.com\/sv\/wp-json\/wp\/v2\/product\/7724","targetHints":{"allow":["GET"]}}],"collection":[{"href":"https:\/\/www.largepillow.com\/sv\/wp-json\/wp\/v2\/product"}],"about":[{"href":"https:\/\/www.largepillow.com\/sv\/wp-json\/wp\/v2\/types\/product"}],"replies":[{"embeddable":true,"href":"https:\/\/www.largepillow.com\/sv\/wp-json\/wp\/v2\/comments?post=7724"}],"wp:featuredmedia":[{"embeddable":true,"href":"https:\/\/www.largepillow.com\/sv\/wp-json\/wp\/v2\/media\/7713"}],"wp:attachment":[{"href":"https:\/\/www.largepillow.com\/sv\/wp-json\/wp\/v2\/media?parent=7724"}],"wp:term":[{"taxonomy":"product_brand","embeddable":true,"href":"https:\/\/www.largepillow.com\/sv\/wp-json\/wp\/v2\/product_brand?post=7724"},{"taxonomy":"product_cat","embeddable":true,"href":"https:\/\/www.largepillow.com\/sv\/wp-json\/wp\/v2\/product_cat?post=7724"},{"taxonomy":"product_tag","embeddable":true,"href":"https:\/\/www.largepillow.com\/sv\/wp-json\/wp\/v2\/product_tag?post=7724"}],"curies":[{"name":"wp","href":"https:\/\/api.w.org\/{rel}","templated":true}]}}