{"id":781,"date":"2022-09-17T12:40:07","date_gmt":"2022-09-17T12:40:07","guid":{"rendered":"https:\/\/www.largepillow.com\/product\/wedge-pillow-for-acid-reflux_37_38_39"},"modified":"2025-01-24T18:55:31","modified_gmt":"2025-01-24T18:55:31","slug":"stor-triangular-kuddekil","status":"publish","type":"product","link":"https:\/\/www.largepillow.com\/sv\/product\/large-triangle-pillow-wedge","title":{"rendered":"Stor triangul\u00e4r kuddekil"},"content":{"rendered":"<p>Den ultimata komforten, stor triangelformad kil<\/p>\n<p>Letar du efter den perfekta l\u00e4s- eller avkopplingskudden? L\u00e5t oss presentera den stora triangelkilkudden, den ultimata kudden f\u00f6r komfort och st\u00f6d. <\/p>\n<p>Denna extra stora huvudgavelkudde har en unik b\u00f6jd och upph\u00f6jd ryggst\u00f6dsdesign med dubbla rader som skyddar ditt huvud, din nacke och din rygg. Det \u00f6verl\u00e4gsna st\u00f6det hj\u00e4lper dig att slappna av helt utan sp\u00e4nningar, oavsett om du sitter upp och l\u00e4ser, arbetar p\u00e5 en b\u00e4rbar dator eller tittar p\u00e5 TV i s\u00e4ngen.  <\/p>\n<p>Den triangelformade formen g\u00f6r denna kudde otroligt m\u00e5ngsidig. Anv\u00e4nd den uppr\u00e4tt som en ryggst\u00f6dskudde, lutande som en kilformad kudde f\u00f6r upph\u00f6jd avkoppling, eller till och med som en benkudde f\u00f6r st\u00f6d f\u00f6r hela kroppen. De sex tillg\u00e4ngliga l\u00e4ngderna fr\u00e5n 100 cm upp till 200 cm s\u00e4kerst\u00e4ller perfekt passform p\u00e5 s\u00e4ngar, soffor eller soffor i alla storlekar.<\/p>\n<p>Tillverkad av mjuk, slitstark 100%-polyester i ett linneliknande tyg, det maskintv\u00e4ttbara \u00f6verdraget \u00f6ppnas med dragkedja f\u00f6r enkel reng\u00f6ring. Praktiska sidfickor ger dig plats att f\u00f6rvara b\u00f6cker, fj\u00e4rrkontroller eller enheter direkt till hands. <\/p>\n<p>H\u00e4r \u00e4r vad n\u00e5gra kunder hade att s\u00e4ga efter k\u00f6pet:<\/p>\n<p>\u201cJag \u00e4lskar den trigonometriska designen p\u00e5 den h\u00e4r kudden, den st\u00f6der min rygg och nacke v\u00e4ldigt bra n\u00e4r jag l\u00e4ser eller arbetar p\u00e5 min laptop i s\u00e4ngen.\u201d<\/p>\n<p>\u201cDenna kuddkil \u00e4r perfekt f\u00f6r att slappa och titta p\u00e5 TV. Jag kan enkelt justera vinkeln f\u00f6r att h\u00f6ja \u00f6verkroppen.\u201d<\/p>\n<p>\u201cDen extra stora storleken \u00e4r perfekt f\u00f6r att str\u00e4cka ut sig med en bok. Och jag gillar att jag kan ta av \u00f6verdraget f\u00f6r att tv\u00e4tta det vid behov.\u201d<\/p>\n<p>Med sin \u00f6verl\u00e4gsna komfort, justerbara triangul\u00e4ra form och h\u00f6gkvalitativa konstruktion \u00e4r den stora triangul\u00e4ra kuddkilformen ett utm\u00e4rkt tillskott till alla sovrum eller vardagsrum. Skaffa din perfekta lounge-, l\u00e4s- och avkopplingskudde idag!<\/p>","protected":false},"excerpt":{"rendered":"<ul>\n<li><strong>Ultimat komfort:<\/strong> Denna extra stora kudde med f\u00f6rh\u00f6jd huvudgavel erbjuder utm\u00e4rkt komfort tack vare sin rundade form. Denna l\u00e4skudde f\u00f6r huvudgaveln kan hj\u00e4lpa dig att h\u00e5lla dig sp\u00e4nningsfri i s\u00e4ngsoffan, dagb\u00e4dden eller soffan, vilket \u00e4r perfekt f\u00f6r arbetande nattugglor, bokmalar och f\u00f6r att titta p\u00e5 TV i s\u00e4ngen.<\/li>\n<li><strong>F\u00f6rh\u00f6jd ryggst\u00f6dsdesign:<\/strong> Njut av o\u00f6vertr\u00e4ffad komfort med v\u00e5r huvudgavelkuddes unika design med dubbla rader och upph\u00f6jt ryggst\u00f6d. Den upph\u00f6jda huvudgavelkudde ger \u00f6verl\u00e4gset st\u00f6d f\u00f6r din nacke och rygg, vilket g\u00f6r den till den perfekta platsen att koppla av och l\u00e4sa i s\u00e4ngen.<\/li>\n<li><strong>Multifunktionell kudde:<\/strong> Med tre olika s\u00e4tt att anv\u00e4nda den \u00e4r v\u00e5r kudde perfekt f\u00f6r alla situationer. Oavsett om du f\u00f6redrar att anv\u00e4nda den som en uppr\u00e4tt ryggkudde, en kilkudde eller en benkudde f\u00f6r upph\u00f6jt st\u00f6d, \u00e4r den det perfekta tillbeh\u00f6ret f\u00f6r bekv\u00e4m vila och avkoppling.<\/li>\n<li><strong>\u00d6verl\u00e4gset hantverk:<\/strong> Tillverkad av linneliknande tyg med sammans\u00e4ttningen 100% polyester, \u00e4r v\u00e5r huvudgavelkudde fylld med milj\u00f6v\u00e4nlig och h\u00f6gelastisk polyesterfiber. Den avtagbara bolsterdynan \u00e4r enkel att maskintv\u00e4tta, medan de sm\u00e5 sidofickorna g\u00f6r denna redan lyxiga produkt praktisk.<\/li>\n<li><strong>L\u00e4tt att tv\u00e4tta:<\/strong> \u00d6verdraget till huvudgaveln \u00e4r f\u00e4st vid kuddens insida med knappar och \u00e4r enkelt att ta bort med en enkel dragkedja. Detta g\u00f6r reng\u00f6ringen problemfri. Ta bara bort \u00f6verdraget och tv\u00e4tta det snabbt i maskin f\u00f6r att f\u00e5 din kudde att se ut som ny.<\/li>\n<li><strong>Storlek:<\/strong> 100 cm (L100 x B26 x H55 | 3 kolumner med knappar), 120 cm (L120 x B26 x H55 | 4 kolumner med knappar), 140 cm (L140 x B26 x H55 | 4 kolumner med knappar), 160 cm (L160 x B26 x H55 | 5 kolumner med knappar), 180 cm (L180 x B26 x H55 | 6 kolumner med knappar), 200 cm (L200 x B26 x H55 | 7 kolumner med knappar).<\/li>\n<\/ul>","protected":false},"featured_media":767,"comment_status":"open","ping_status":"closed","template":"","meta":[],"product_brand":[],"product_cat":[15],"product_tag":[164,161,168,170,143,162,65],"class_list":{"0":"post-781","1":"product","2":"type-product","3":"status-publish","4":"has-post-thumbnail","6":"product_cat-large-wedge-pillow","7":"product_tag-detachable-bolster-bed-cushion","8":"product_tag-elevated-headboard-pillow","9":"product_tag-headboard-pillow","10":"product_tag-large-triangle-pillow-wedge","11":"product_tag-multifunctional-pillow","12":"product_tag-upright-back-pillow","13":"product_tag-wedge-pillow","15":"first","16":"instock","17":"shipping-taxable","18":"purchasable","19":"product-type-variable"},"_links":{"self":[{"href":"https:\/\/www.largepillow.com\/sv\/wp-json\/wp\/v2\/product\/781","targetHints":{"allow":["GET"]}}],"collection":[{"href":"https:\/\/www.largepillow.com\/sv\/wp-json\/wp\/v2\/product"}],"about":[{"href":"https:\/\/www.largepillow.com\/sv\/wp-json\/wp\/v2\/types\/product"}],"replies":[{"embeddable":true,"href":"https:\/\/www.largepillow.com\/sv\/wp-json\/wp\/v2\/comments?post=781"}],"wp:featuredmedia":[{"embeddable":true,"href":"https:\/\/www.largepillow.com\/sv\/wp-json\/wp\/v2\/media\/767"}],"wp:attachment":[{"href":"https:\/\/www.largepillow.com\/sv\/wp-json\/wp\/v2\/media?parent=781"}],"wp:term":[{"taxonomy":"product_brand","embeddable":true,"href":"https:\/\/www.largepillow.com\/sv\/wp-json\/wp\/v2\/product_brand?post=781"},{"taxonomy":"product_cat","embeddable":true,"href":"https:\/\/www.largepillow.com\/sv\/wp-json\/wp\/v2\/product_cat?post=781"},{"taxonomy":"product_tag","embeddable":true,"href":"https:\/\/www.largepillow.com\/sv\/wp-json\/wp\/v2\/product_tag?post=781"}],"curies":[{"name":"wp","href":"https:\/\/api.w.org\/{rel}","templated":true}]}}