{"id":802,"date":"2022-09-17T13:48:56","date_gmt":"2022-09-17T13:48:56","guid":{"rendered":"https:\/\/www.largepillow.com\/product\/wedge-pillow-for-acid-reflux_37_38_39_40"},"modified":"2026-03-13T16:55:31","modified_gmt":"2026-03-13T16:55:31","slug":"kilbolsterkudde","status":"publish","type":"product","link":"https:\/\/www.largepillow.com\/sv\/product\/wedge-bolster-pillow","title":{"rendered":"Kilbolsterkudde"},"content":{"rendered":"<p>Den ultimata komfortkilbolsterkudden<\/p>\n<p>Letar du efter den perfekta kudden f\u00f6r l\u00e4sning eller TV-tittande? L\u00e5t oss presentera Wedge Bolster Pillow \u2013 den ultimata kudden f\u00f6r upph\u00f6jd huvudgavel f\u00f6r \u00f6verl\u00e4gsen komfort och st\u00f6d.<\/p>\n<p>Med sin b\u00f6jda form och design med dubbla rader av f\u00f6rh\u00f6jt ryggst\u00f6d ger denna XL-kudden ordentligt st\u00f6d f\u00f6r din nacke och rygg n\u00e4r du sitter uppr\u00e4tt i s\u00e4ngen. Den multifunktionella designen fungerar \u00e4ven utm\u00e4rkt som en uppr\u00e4tt ryggkudde, kilkudde eller benkudde. <\/p>\n<p>Tillverkad av 100% polyester med milj\u00f6v\u00e4nlig polyesterfiberfyllning har tyget ett linneutseende som kompletterar alla sovrumsinredningar. Det avtagbara \u00f6verdraget \u00e4r maskintv\u00e4ttbart f\u00f6r enkel sk\u00f6tsel. Denna extra stora huvudgavelkudd har \u00e4ven sm\u00e5 sidofickor f\u00f6r att f\u00f6rvara b\u00f6cker, fj\u00e4rrkontroller, telefoner och mer. <\/p>\n<p>H\u00e4r \u00e4r vad n\u00e5gra kunder hade att s\u00e4ga:<\/p>\n<p>\u201cJag \u00e4lskar utseendet och k\u00e4nslan hos den h\u00e4r kilformade s\u00e4ngkudden. Linnetyget \u00e4r v\u00e4ldigt mjukt och f\u00e4rgen ser fantastisk ut i mitt sovrum.\u201d<\/p>\n<p>\u201cDen h\u00e4r l\u00e4skudden ger fantastiskt st\u00f6d f\u00f6r ryggen. Jag kan sitta uppe i s\u00e4ngen i timmar utan att f\u00e5 ont i nacken eller ryggen.\u201d<\/p>\n<p>\u201cDen upph\u00f6jda designen \u00e4r perfekt f\u00f6r att l\u00e4sa eller arbeta p\u00e5 min laptop i s\u00e4ngen. Den ger ett bra ryggst\u00f6d som h\u00e5ller mig uppr\u00e4tt bekv\u00e4mt.\u201d<\/p>\n<p>\u201cJag valde storleken 160 cm och den tar upp hela huvuddelen av min s\u00e4ng. Tillr\u00e4ckligt stor f\u00f6r att luta sig tillbaka och titta p\u00e5 film.\u201d<\/p>\n<p>Med tillg\u00e4ngliga l\u00e4ngder fr\u00e5n 100 cm upp till 200 cm hittar du garanterat en kilformad kudde i storlek som passar ditt utrymme. Ge din rygg, nacke och ben den komfort de f\u00f6rtj\u00e4nar! Skaffa din multifunktionella huvudgavelkudde idag.<\/p>","protected":false},"excerpt":{"rendered":"<ul>\n<li><strong>Ultimat komfort:<\/strong> Denna extra stora kudde med f\u00f6rh\u00f6jd huvudgavel erbjuder utm\u00e4rkt komfort tack vare sin rundade form. Denna l\u00e4skudde f\u00f6r huvudgaveln kan hj\u00e4lpa dig att h\u00e5lla dig sp\u00e4nningsfri i s\u00e4ngsoffan, dagb\u00e4dden eller soffan, vilket \u00e4r perfekt f\u00f6r arbetande nattugglor, bokmalar och f\u00f6r att titta p\u00e5 TV i s\u00e4ngen.<\/li>\n<li><strong>F\u00f6rh\u00f6jd ryggst\u00f6dsdesign:<\/strong> Njut av o\u00f6vertr\u00e4ffad komfort med v\u00e5r huvudgavelkuddes unika design med dubbla rader och upph\u00f6jt ryggst\u00f6d. Den upph\u00f6jda huvudgavelkudde ger \u00f6verl\u00e4gset st\u00f6d f\u00f6r din nacke och rygg, vilket g\u00f6r den till den perfekta platsen att koppla av och l\u00e4sa i s\u00e4ngen.<\/li>\n<li><strong>Multifunktionell kudde:<\/strong> Med tre olika s\u00e4tt att anv\u00e4nda den \u00e4r v\u00e5r kudde perfekt f\u00f6r alla situationer. Oavsett om du f\u00f6redrar att anv\u00e4nda den som en uppr\u00e4tt ryggkudde, en kilkudde eller en benkudde f\u00f6r upph\u00f6jt st\u00f6d, \u00e4r den det perfekta tillbeh\u00f6ret f\u00f6r bekv\u00e4m vila och avkoppling.<\/li>\n<li><strong>\u00d6verl\u00e4gset hantverk:<\/strong> Tillverkad av linneliknande tyg med sammans\u00e4ttningen 100% polyester, \u00e4r v\u00e5r huvudgavelkudde fylld med milj\u00f6v\u00e4nlig och h\u00f6gelastisk polyesterfiber. Den avtagbara bolsterdynan \u00e4r enkel att maskintv\u00e4tta, medan de sm\u00e5 sidofickorna g\u00f6r denna redan lyxiga produkt praktisk.<\/li>\n<li><strong>L\u00e4tt att tv\u00e4tta:<\/strong> \u00d6verdraget till huvudgaveln \u00e4r f\u00e4st vid kuddens insida med knappar och \u00e4r enkelt att ta bort med en enkel dragkedja. Detta g\u00f6r reng\u00f6ringen problemfri. Ta bara bort \u00f6verdraget och tv\u00e4tta det snabbt i maskin f\u00f6r att f\u00e5 din kudde att se ut som ny.<\/li>\n<li><strong>Storlek:<\/strong> 100 cm (L100 x B26 x H55 | 3 kolumner med knappar), 120 cm (L120 x B26 x H55 | 4 kolumner med knappar), 140 cm (L140 x B26 x H55 | 4 kolumner med knappar), 160 cm (L160 x B26 x H55 | 5 kolumner med knappar), 180 cm (L180 x B26 x H55 | 6 kolumner med knappar), 200 cm (L200 x B26 x H55 | 7 kolumner med knappar).<\/li>\n<\/ul>","protected":false},"featured_media":788,"comment_status":"open","ping_status":"closed","template":"","meta":[],"product_brand":[],"product_cat":[15],"product_tag":[164,161,168,163,143,169,162,167,65],"class_list":{"0":"post-802","1":"product","2":"type-product","3":"status-publish","4":"has-post-thumbnail","6":"product_cat-large-wedge-pillow","7":"product_tag-detachable-bolster-bed-cushion","8":"product_tag-elevated-headboard-pillow","9":"product_tag-headboard-pillow","10":"product_tag-leg-pillow","11":"product_tag-multifunctional-pillow","12":"product_tag-support-pillow","13":"product_tag-upright-back-pillow","14":"product_tag-wedge-bolster-pillow","15":"product_tag-wedge-pillow","17":"first","18":"instock","19":"shipping-taxable","20":"purchasable","21":"product-type-variable"},"_links":{"self":[{"href":"https:\/\/www.largepillow.com\/sv\/wp-json\/wp\/v2\/product\/802","targetHints":{"allow":["GET"]}}],"collection":[{"href":"https:\/\/www.largepillow.com\/sv\/wp-json\/wp\/v2\/product"}],"about":[{"href":"https:\/\/www.largepillow.com\/sv\/wp-json\/wp\/v2\/types\/product"}],"replies":[{"embeddable":true,"href":"https:\/\/www.largepillow.com\/sv\/wp-json\/wp\/v2\/comments?post=802"}],"wp:featuredmedia":[{"embeddable":true,"href":"https:\/\/www.largepillow.com\/sv\/wp-json\/wp\/v2\/media\/788"}],"wp:attachment":[{"href":"https:\/\/www.largepillow.com\/sv\/wp-json\/wp\/v2\/media?parent=802"}],"wp:term":[{"taxonomy":"product_brand","embeddable":true,"href":"https:\/\/www.largepillow.com\/sv\/wp-json\/wp\/v2\/product_brand?post=802"},{"taxonomy":"product_cat","embeddable":true,"href":"https:\/\/www.largepillow.com\/sv\/wp-json\/wp\/v2\/product_cat?post=802"},{"taxonomy":"product_tag","embeddable":true,"href":"https:\/\/www.largepillow.com\/sv\/wp-json\/wp\/v2\/product_tag?post=802"}],"curies":[{"name":"wp","href":"https:\/\/api.w.org\/{rel}","templated":true}]}}