{"id":8155,"date":"2025-06-11T04:01:50","date_gmt":"2025-06-11T04:01:50","guid":{"rendered":"https:\/\/www.largepillow.com\/product\/large-floor-loveseat-casual-recliner-for-gaming-reading"},"modified":"2026-01-21T02:17:34","modified_gmt":"2026-01-21T02:17:34","slug":"stor-golvsoffa-med-loveseat-avslappnad-fatolj-for-spel-och-lasning","status":"publish","type":"product","link":"https:\/\/www.largepillow.com\/sv\/product\/large-floor-loveseat-casual-recliner-for-gaming-reading","title":{"rendered":"Stor golvsoffa, avslappnad f\u00e5t\u00f6lj f\u00f6r spel, l\u00e4sning"},"content":{"rendered":"[zc_getpagecontent mb=&#8221;mb_aplus&#8221; apid=&#8221;136&#8243;]\n","protected":false},"excerpt":{"rendered":"<ul>\n<li>L\u00e4tt att installera: V\u00e5r extra stora f\u00e5t\u00f6lj \u00e4r vakuumf\u00f6rpackad och soff\u00f6verdragen och skumramen i fyra delar packas i tre paket. Eftersom den inte har n\u00e5gon metallstruktur \u00e4r den j\u00e4ttekul att montera \u2013 l\u00e5t bara skummet expandera i 24\u201348 timmar n\u00e4r du mottagit den och montera den enligt v\u00e5r installationsvideo. Den extra stora dragkedjan l\u00e4ngst ner g\u00f6r underh\u00e5llet enkelt eftersom den \u00e4r avtagbar och maskintv\u00e4ttbar.<\/li>\n<li>Lyxig komfort: Upplev en touch av \u00f6verd\u00e5dighet med v\u00e5r \u00f6verdimensionerade sch\u00e4slongf\u00e5t\u00f6lj f\u00f6r inomhusbruk, kl\u00e4dd i ultramjuk, bredrandig kort plysch som \u00f6vertr\u00e4ffar vanlig manchester i mjukhet och elegans. Dess plysch omfamnar dig och l\u00e5ter din kropp varva ner i en sf\u00e4r av avkoppling. Obs: Den bredrandiga korta plyschen kan lossna lite p\u00e5 grund av tygets egenskaper, men det p\u00e5verkar inte anv\u00e4ndningen.<\/li>\n<li>Stabilt och lugnande st\u00f6d: V\u00e5r \u00f6verdimensionerade sch\u00e4slong \u00e4r designad med en robust skumbas och gener\u00f6st fylld med fluffig polyesterfiber, och ger den perfekta balansen mellan fast st\u00f6d och himmelsk mjukhet. Den smarta, f\u00f6rskjutna designen av ryggst\u00f6det och armst\u00f6den skapar en kokongliknande effekt, vilket ger dig en k\u00e4nsla av trygghet och komfort som st\u00e5r sig genom tiderna utan att sjunka ihop eller kollapsa.<\/li>\n<li>M\u00e5ngsidig och rymlig: V\u00e5r rymliga sch\u00e4slongsoffa anpassar sig s\u00f6ml\u00f6st till din livsstil, oavsett om den anv\u00e4nds som en mysig b\u00e4ddsoffa i vardagsrummet eller som en avkopplande sch\u00e4slong i sovrummet. Perfekt f\u00f6r arbete, avkoppling eller underh\u00e5llning, den ultimata f\u00f6ljeslagaren f\u00f6r en m\u00e4ngd olika aktiviteter, fr\u00e5n filmkv\u00e4llar och l\u00e4sstunder till kvalitetstid med n\u00e4ra och k\u00e4ra.<\/li>\n<li>Modern charm: Den \u00f6verdimensionerade loungesoffan har en elegant, modern estetik som integreras s\u00f6ml\u00f6st i ditt utrymme. Dess neutrala f\u00e4rgpalett \u00e4r enkelt elegant, och de tv\u00e5 matchande prydnadskuddarna f\u00f6rb\u00e4ttrar din heminredning med en elegant, koordinerad look som omedelbart lyfter vilket rum som helst.<\/li>\n<\/ul>","protected":false},"featured_media":8142,"comment_status":"open","ping_status":"closed","template":"","meta":[],"product_brand":[],"product_cat":[228],"product_tag":[],"class_list":{"0":"post-8155","1":"product","2":"type-product","3":"status-publish","4":"has-post-thumbnail","6":"product_cat-cushions","8":"first","9":"instock","10":"sale","11":"sold-individually","12":"shipping-taxable","13":"purchasable","14":"product-type-simple"},"_links":{"self":[{"href":"https:\/\/www.largepillow.com\/sv\/wp-json\/wp\/v2\/product\/8155","targetHints":{"allow":["GET"]}}],"collection":[{"href":"https:\/\/www.largepillow.com\/sv\/wp-json\/wp\/v2\/product"}],"about":[{"href":"https:\/\/www.largepillow.com\/sv\/wp-json\/wp\/v2\/types\/product"}],"replies":[{"embeddable":true,"href":"https:\/\/www.largepillow.com\/sv\/wp-json\/wp\/v2\/comments?post=8155"}],"wp:featuredmedia":[{"embeddable":true,"href":"https:\/\/www.largepillow.com\/sv\/wp-json\/wp\/v2\/media\/8142"}],"wp:attachment":[{"href":"https:\/\/www.largepillow.com\/sv\/wp-json\/wp\/v2\/media?parent=8155"}],"wp:term":[{"taxonomy":"product_brand","embeddable":true,"href":"https:\/\/www.largepillow.com\/sv\/wp-json\/wp\/v2\/product_brand?post=8155"},{"taxonomy":"product_cat","embeddable":true,"href":"https:\/\/www.largepillow.com\/sv\/wp-json\/wp\/v2\/product_cat?post=8155"},{"taxonomy":"product_tag","embeddable":true,"href":"https:\/\/www.largepillow.com\/sv\/wp-json\/wp\/v2\/product_tag?post=8155"}],"curies":[{"name":"wp","href":"https:\/\/api.w.org\/{rel}","templated":true}]}}