{"id":8191,"date":"2025-06-12T01:47:36","date_gmt":"2025-06-12T01:47:36","guid":{"rendered":"https:\/\/www.largepillow.com\/product\/round-chaise-lounge-chair-for-adults-comfy-bean-bag-sofa"},"modified":"2026-03-12T02:42:29","modified_gmt":"2026-03-12T02:42:29","slug":"rund-schaslongfatolj-for-vuxna-bekvam-sacksacksoffa","status":"publish","type":"product","link":"https:\/\/www.largepillow.com\/sv\/product\/round-chaise-lounge-chair-for-adults-comfy-bean-bag-sofa","title":{"rendered":"Rund sch\u00e4slongf\u00e5t\u00f6lj f\u00f6r vuxna, bekv\u00e4m s\u00e4cksoffa"},"content":{"rendered":"[zc_getpagecontent mb=&#8221;mb_aplus&#8221; apid=&#8221;133&#8243;]\n","protected":false},"excerpt":{"rendered":"<ul>\n<li>Ultramjuk komfort: Njut av ultimat avkoppling med en 123 cm bred rund sits och en 102 cm djup loungesits, insvept i dubbelskiktad komfort: en molnmjuk PP-bomullskudde ovanp\u00e5 och en bas av h\u00f6gdensitetsskum under f\u00f6r varaktigt st\u00f6d utan att den sjunker ihop. Perfekt f\u00f6r alla som s\u00f6ker en verkligt bekv\u00e4m loungef\u00e5t\u00f6lj.<\/li>\n<li>Lyxig fuskp\u00e4lsk\u00e4nsla i plysch manchester: Insvept i premiummanchester med breda vingar som k\u00e4nns precis som kaninp\u00e4ls \u2013 sammetsmjuk, varm och djupt texturerad. Detta ultramysiga tyg inbjuder dig att krypa ihop, str\u00e4cka ut dig eller sjunka ner f\u00f6r filmmaraton och lata s\u00f6ndagslurar.<\/li>\n<li>2 gratis plyschkuddar: Inneh\u00e5ller 2 fyrkantiga plyschkuddar fyllda med PP-bomull (18\u2033x18\u2033) f\u00f6r att f\u00f6rb\u00e4ttra l\u00e4ndryggsst\u00f6det eller ge dig en mysigare tupplur.<\/li>\n<li>Avtagbara och tv\u00e4ttbara \u00f6verdrag: H\u00e5ll din stol fr\u00e4sch och ren utan anstr\u00e4ngning. Hela \u00f6verdraget \u00e4r helt avtagbart och tv\u00e4ttbart, perfekt f\u00f6r hush\u00e5ll med barn, husdjur eller alla som \u00e4lskar enkel sk\u00f6tsel.<\/li>\n<li>Snygg f\u00f6r alla utrymmen: Perfekt f\u00f6r moderna l\u00e4genheter, bohemiska sovrum, mysiga l\u00e4sh\u00f6rnor eller eleganta sovsalar. Denna eleganta accentm\u00f6bel kompletterar minimalistiska till maximalistiska interi\u00f6rer och \u00e4r idealisk f\u00f6r vuxna, ton\u00e5ringar eller par som vill koppla av med stil.<\/li>\n<\/ul>","protected":false},"featured_media":8176,"comment_status":"open","ping_status":"closed","template":"","meta":[],"product_brand":[],"product_cat":[228],"product_tag":[],"class_list":{"0":"post-8191","1":"product","2":"type-product","3":"status-publish","4":"has-post-thumbnail","6":"product_cat-cushions","8":"first","9":"outofstock","10":"sold-individually","11":"shipping-taxable","12":"purchasable","13":"product-type-simple"},"_links":{"self":[{"href":"https:\/\/www.largepillow.com\/sv\/wp-json\/wp\/v2\/product\/8191","targetHints":{"allow":["GET"]}}],"collection":[{"href":"https:\/\/www.largepillow.com\/sv\/wp-json\/wp\/v2\/product"}],"about":[{"href":"https:\/\/www.largepillow.com\/sv\/wp-json\/wp\/v2\/types\/product"}],"replies":[{"embeddable":true,"href":"https:\/\/www.largepillow.com\/sv\/wp-json\/wp\/v2\/comments?post=8191"}],"wp:featuredmedia":[{"embeddable":true,"href":"https:\/\/www.largepillow.com\/sv\/wp-json\/wp\/v2\/media\/8176"}],"wp:attachment":[{"href":"https:\/\/www.largepillow.com\/sv\/wp-json\/wp\/v2\/media?parent=8191"}],"wp:term":[{"taxonomy":"product_brand","embeddable":true,"href":"https:\/\/www.largepillow.com\/sv\/wp-json\/wp\/v2\/product_brand?post=8191"},{"taxonomy":"product_cat","embeddable":true,"href":"https:\/\/www.largepillow.com\/sv\/wp-json\/wp\/v2\/product_cat?post=8191"},{"taxonomy":"product_tag","embeddable":true,"href":"https:\/\/www.largepillow.com\/sv\/wp-json\/wp\/v2\/product_tag?post=8191"}],"curies":[{"name":"wp","href":"https:\/\/api.w.org\/{rel}","templated":true}]}}