{"id":8208,"date":"2025-06-12T02:14:34","date_gmt":"2025-06-12T02:14:34","guid":{"rendered":"https:\/\/www.largepillow.com\/product\/boneless-curved-couch-soft-corduroy-sofa-for-living-room"},"modified":"2026-01-21T02:31:12","modified_gmt":"2026-01-21T02:31:12","slug":"benfri-bojd-soffa-mjuk-manchestersoffa-for-vardagsrum","status":"publish","type":"product","link":"https:\/\/www.largepillow.com\/sv\/product\/boneless-curved-couch-soft-corduroy-sofa-for-living-room","title":{"rendered":"Benfri b\u00f6jd soffa \u2013 Mjuk manchestersoffa f\u00f6r vardagsrum"},"content":{"rendered":"[zc_getpagecontent mb=&#8221;mb_aplus&#8221; apid=&#8221;134&#8243;]\n","protected":false},"excerpt":{"rendered":"<ul>\n<li>B\u00f6jd design med ultrabred komfort: Denna 204 cm l\u00e5nga loungesoffa har en 91 cm bred sits f\u00f6r maximal stretchkomfort, med st\u00f6d av fasta cylindriska kuddar f\u00f6r optimalt st\u00f6d f\u00f6r rygg och armst\u00f6d. Den eleganta sicksackdesignen passar s\u00f6ml\u00f6st i h\u00f6rn eller \u00f6ppna utrymmen, vilket g\u00f6r den perfekt f\u00f6r djup avkoppling \u2013 oavsett om du l\u00e4ser, sover middag eller tittar p\u00e5 dina favoritprogram i str\u00e4ck.<\/li>\n<li>Molnliknande plyschkomfort med ortopediskt st\u00f6d som motverkar h\u00e4ng: De \u00f6vre kuddarna och sidost\u00f6den \u00e4r gener\u00f6st fyllda med mjuk PP-bomull f\u00f6r en molnliknande k\u00e4nsla som sjunker ner. Under det ger en fast bas av h\u00f6gdensitetsskum en h\u00e5llbar, st\u00f6djande struktur som h\u00e5ller dig lyft och i r\u00e4tt position \u2013 \u00e4ven efter timmar av avkoppling.<\/li>\n<li>Oavsett om du kryper ihop dig med en bok, scrollar i telefonen eller njuter av en s\u00f6ndagslur, vaggar den dubbla densitetskudden din kropp samtidigt som den h\u00e5ller din h\u00e5llning i r\u00e4tt riktning.<\/li>\n<li>L\u00e4ttreng\u00f6rande manchestertyg: Avtagbara, maskintv\u00e4ttbara \u00f6verdrag med mjuk kaninp\u00e4lsimitation och texturerad randdesign. Fl\u00e4ckbest\u00e4ndigt f\u00f6r husdjur\/barn.<\/li>\n<li>Konverterbar och avtagbar design: B\u00e5de \u00f6vre och nedre delen kan separeras och l\u00e4ggas platt p\u00e5 golvet f\u00f6r m\u00e5ngsidig avkoppling. Anv\u00e4nd som golvsoffa, f\u00e5t\u00f6lj eller delas i tv\u00e5 sittplatser. Perfekt f\u00f6r sm\u00e5 l\u00e4genheter, studentboenden, TV-rum eller l\u00e4sh\u00f6rnor.<\/li>\n<li>Humaniserad h\u00f6jd: Noggrant utformad sitth\u00f6jd g\u00f6r att kn\u00e4na b\u00f6js naturligt och f\u00f6tterna vilar platt p\u00e5 golvet \u2013 perfekt f\u00f6r daglig avkoppling. Cylindriska bolster p\u00e5 tv\u00e5 sidor ger perfekt st\u00f6d f\u00f6r rygg och armar.<\/li>\n<\/ul>","protected":false},"featured_media":8192,"comment_status":"open","ping_status":"closed","template":"","meta":[],"product_brand":[],"product_cat":[228],"product_tag":[],"class_list":{"0":"post-8208","1":"product","2":"type-product","3":"status-publish","4":"has-post-thumbnail","6":"product_cat-cushions","8":"first","9":"instock","10":"sold-individually","11":"shipping-taxable","12":"purchasable","13":"product-type-simple"},"_links":{"self":[{"href":"https:\/\/www.largepillow.com\/sv\/wp-json\/wp\/v2\/product\/8208","targetHints":{"allow":["GET"]}}],"collection":[{"href":"https:\/\/www.largepillow.com\/sv\/wp-json\/wp\/v2\/product"}],"about":[{"href":"https:\/\/www.largepillow.com\/sv\/wp-json\/wp\/v2\/types\/product"}],"replies":[{"embeddable":true,"href":"https:\/\/www.largepillow.com\/sv\/wp-json\/wp\/v2\/comments?post=8208"}],"wp:featuredmedia":[{"embeddable":true,"href":"https:\/\/www.largepillow.com\/sv\/wp-json\/wp\/v2\/media\/8192"}],"wp:attachment":[{"href":"https:\/\/www.largepillow.com\/sv\/wp-json\/wp\/v2\/media?parent=8208"}],"wp:term":[{"taxonomy":"product_brand","embeddable":true,"href":"https:\/\/www.largepillow.com\/sv\/wp-json\/wp\/v2\/product_brand?post=8208"},{"taxonomy":"product_cat","embeddable":true,"href":"https:\/\/www.largepillow.com\/sv\/wp-json\/wp\/v2\/product_cat?post=8208"},{"taxonomy":"product_tag","embeddable":true,"href":"https:\/\/www.largepillow.com\/sv\/wp-json\/wp\/v2\/product_tag?post=8208"}],"curies":[{"name":"wp","href":"https:\/\/api.w.org\/{rel}","templated":true}]}}