{"id":823,"date":"2022-09-17T14:05:52","date_gmt":"2022-09-17T14:05:52","guid":{"rendered":"https:\/\/www.largepillow.com\/product\/wedge-pillow-for-acid-reflux_37_38_39_40_41"},"modified":"2024-10-03T16:31:35","modified_gmt":"2024-10-03T16:31:35","slug":"laskilsanggavel","status":"publish","type":"product","link":"https:\/\/www.largepillow.com\/sv\/product\/reading-wedge-headboard","title":{"rendered":"L\u00e4sande kils\u00e4nggavel"},"content":{"rendered":"<p>Njut av komfort med den ultimata l\u00e4skiga s\u00e4nggaveln<\/p>\n<p>T\u00e4nk dig att sjunka ner i ett moln av mjuk komfort medan du f\u00f6rdjupar dig i dina favoritb\u00f6cker eller -program. Reading Wedge Headboard \u00e4r h\u00e4r f\u00f6r att lyfta din s\u00e4ngg\u00e5endesupplevelse till nya h\u00f6jder!<\/p>\n<p>Exceptionell komfort:<\/p>\n<p>Denna ergonomiskt utformade huvudgavelkudd har en b\u00f6jd form som omsluter din kropp och ger exceptionell komfort. Dess upph\u00f6jda ryggst\u00f6d med dubbla rader ger o\u00f6vertr\u00e4ffat st\u00f6d f\u00f6r nacke och rygg, vilket g\u00f6r den idealisk f\u00f6r nattugglor, ivriga l\u00e4sare och TV-entusiaster.<\/p>\n<p>Multifunktionell m\u00e5ngsidighet:<\/p>\n<p>Denna kudde \u00e4r m\u00e5ngsidig nog f\u00f6r flera anv\u00e4ndningsomr\u00e5den och kan anv\u00e4ndas som en uppr\u00e4tt ryggkudde, kilkudde eller benkudde. Oavsett om du s\u00f6ker st\u00f6d f\u00f6r att l\u00e4sa, titta p\u00e5 film eller bara koppla av i s\u00e4ngen, \u00e4r den den perfekta f\u00f6ljeslagaren.<\/p>\n<p>\u00d6verl\u00e4gset hantverk:<\/p>\n<p>Reading Wedge-s\u00e4nggaveln \u00e4r tillverkad med lyxigt linnetyg och milj\u00f6v\u00e4nlig polyesterfiberfyllning och utstr\u00e5lar kvalitet. Dess avtagbara bolsterdyna \u00e4r maskintv\u00e4ttbar f\u00f6r enkel reng\u00f6ring, medan de praktiska sidofickorna ger en touch av praktisk funktion.<\/p>\n<p>Enkelt underh\u00e5ll:<\/p>\n<p>Att underh\u00e5lla din Reading Wedge-s\u00e4nggavel \u00e4r en barnlek. \u00d6rngottet \u00e4r enkelt avtagbart med knappar och dragkedja, vilket g\u00f6r att det g\u00e5r snabbt att tv\u00e4tta i maskin.<\/p>\n<p>Finns i en rad storlekar:<\/p>\n<p>V\u00e4lj bland en m\u00e4ngd olika storlekar f\u00f6r att passa din s\u00e4ng perfekt: 100 cm, 120 cm, 140 cm, 160 cm, 180 cm och 200 cm. Varje storlek har en elegant knappdesign f\u00f6r extra stil.<\/p>\n<p>Kundomd\u00f6men:<\/p>\n<p>\u201cJag \u00e4lskar verkligen min Reading Wedge-s\u00e4nggavel! Den \u00e4r s\u00e5 bekv\u00e4m och g\u00f6r l\u00e4sning i s\u00e4ngen till en dr\u00f6m. Det upph\u00f6jda ryggst\u00f6det \u00e4r helt revolutionerande f\u00f6r min nacke och rygg.\u201d \u2013 Sarah K.<\/p>\n<p>\u201cDen h\u00e4r kudden \u00e4r ett m\u00e5ste f\u00f6r alla som \u00e4lskar att spendera tid i s\u00e4ngen. Den \u00e4r s\u00e5 m\u00e5ngsidig och kan anv\u00e4ndas till s\u00e5 m\u00e5nga saker. Jag rekommenderar den starkt!\u201d \u2013 John B.<\/p>\n<p>F\u00f6rh\u00f6j din s\u00e4ngg\u00e5ende upplevelse med Reading Wedge Headboard. Best\u00e4ll din idag och njut av o\u00f6vertr\u00e4ffad komfort och m\u00e5ngsidighet!<\/p>","protected":false},"excerpt":{"rendered":"<ul>\n<li><strong>Ultimat komfort:<\/strong> Denna extra stora kudde med f\u00f6rh\u00f6jd huvudgavel erbjuder utm\u00e4rkt komfort tack vare sin rundade form. Denna l\u00e4skudde f\u00f6r huvudgaveln kan hj\u00e4lpa dig att h\u00e5lla dig sp\u00e4nningsfri i s\u00e4ngsoffan, dagb\u00e4dden eller soffan, vilket \u00e4r perfekt f\u00f6r arbetande nattugglor, bokmalar och f\u00f6r att titta p\u00e5 TV i s\u00e4ngen.<\/li>\n<li><strong>F\u00f6rh\u00f6jd ryggst\u00f6dsdesign:<\/strong> Njut av o\u00f6vertr\u00e4ffad komfort med v\u00e5r huvudgavelkuddes unika design med dubbla rader och upph\u00f6jt ryggst\u00f6d. Den upph\u00f6jda huvudgavelkudde ger \u00f6verl\u00e4gset st\u00f6d f\u00f6r din nacke och rygg, vilket g\u00f6r den till den perfekta platsen att koppla av och l\u00e4sa i s\u00e4ngen.<\/li>\n<li><strong>Multifunktionell kudde:<\/strong> Med tre olika s\u00e4tt att anv\u00e4nda den \u00e4r v\u00e5r kudde perfekt f\u00f6r alla situationer. Oavsett om du f\u00f6redrar att anv\u00e4nda den som en uppr\u00e4tt ryggkudde, en kilkudde eller en benkudde f\u00f6r upph\u00f6jt st\u00f6d, \u00e4r den det perfekta tillbeh\u00f6ret f\u00f6r bekv\u00e4m vila och avkoppling.<\/li>\n<li><strong>\u00d6verl\u00e4gset hantverk:<\/strong> Tillverkad av linneliknande tyg med sammans\u00e4ttningen 100% polyester, \u00e4r v\u00e5r huvudgavelkudde fylld med milj\u00f6v\u00e4nlig och h\u00f6gelastisk polyesterfiber. Den avtagbara bolsterdynan \u00e4r enkel att maskintv\u00e4tta, medan de sm\u00e5 sidofickorna g\u00f6r denna redan lyxiga produkt praktisk.<\/li>\n<li><strong>L\u00e4tt att tv\u00e4tta:<\/strong> \u00d6verdraget till huvudgaveln \u00e4r f\u00e4st vid kuddens insida med knappar och \u00e4r enkelt att ta bort med en enkel dragkedja. Detta g\u00f6r reng\u00f6ringen problemfri. Ta bara bort \u00f6verdraget och tv\u00e4tta det snabbt i maskin f\u00f6r att f\u00e5 din kudde att se ut som ny.<\/li>\n<li><strong>Storlek:<\/strong> 100 cm (L100 x B26 x H55 | 3 kolumner med knappar), 120 cm (L120 x B26 x H55 | 4 kolumner med knappar), 140 cm (L140 x B26 x H55 | 4 kolumner med knappar), 160 cm (L160 x B26 x H55 | 5 kolumner med knappar), 180 cm (L180 x B26 x H55 | 6 kolumner med knappar), 200 cm (L200 x B26 x H55 | 7 kolumner med knappar).<\/li>\n<\/ul>","protected":false},"featured_media":809,"comment_status":"open","ping_status":"closed","template":"","meta":[],"product_brand":[],"product_cat":[15],"product_tag":[109,164,161,143,166,162,65],"class_list":{"0":"post-823","1":"product","2":"type-product","3":"status-publish","4":"has-post-thumbnail","6":"product_cat-large-wedge-pillow","7":"product_tag-daybed-cushion","8":"product_tag-detachable-bolster-bed-cushion","9":"product_tag-elevated-headboard-pillow","10":"product_tag-multifunctional-pillow","11":"product_tag-reading-wedge-headboard","12":"product_tag-upright-back-pillow","13":"product_tag-wedge-pillow","15":"first","16":"instock","17":"featured","18":"shipping-taxable","19":"purchasable","20":"product-type-variable"},"_links":{"self":[{"href":"https:\/\/www.largepillow.com\/sv\/wp-json\/wp\/v2\/product\/823","targetHints":{"allow":["GET"]}}],"collection":[{"href":"https:\/\/www.largepillow.com\/sv\/wp-json\/wp\/v2\/product"}],"about":[{"href":"https:\/\/www.largepillow.com\/sv\/wp-json\/wp\/v2\/types\/product"}],"replies":[{"embeddable":true,"href":"https:\/\/www.largepillow.com\/sv\/wp-json\/wp\/v2\/comments?post=823"}],"wp:featuredmedia":[{"embeddable":true,"href":"https:\/\/www.largepillow.com\/sv\/wp-json\/wp\/v2\/media\/809"}],"wp:attachment":[{"href":"https:\/\/www.largepillow.com\/sv\/wp-json\/wp\/v2\/media?parent=823"}],"wp:term":[{"taxonomy":"product_brand","embeddable":true,"href":"https:\/\/www.largepillow.com\/sv\/wp-json\/wp\/v2\/product_brand?post=823"},{"taxonomy":"product_cat","embeddable":true,"href":"https:\/\/www.largepillow.com\/sv\/wp-json\/wp\/v2\/product_cat?post=823"},{"taxonomy":"product_tag","embeddable":true,"href":"https:\/\/www.largepillow.com\/sv\/wp-json\/wp\/v2\/product_tag?post=823"}],"curies":[{"name":"wp","href":"https:\/\/api.w.org\/{rel}","templated":true}]}}