{"id":8245,"date":"2025-06-12T03:28:35","date_gmt":"2025-06-12T03:28:35","guid":{"rendered":"https:\/\/www.largepillow.com\/product\/funky-hand-shaped-chair-with-round-pillow-for-bedroom-gaming"},"modified":"2025-06-16T03:40:19","modified_gmt":"2025-06-16T03:40:19","slug":"funky-handformad-stol-med-rund-kudde-for-sovrumsspel","status":"publish","type":"product","link":"https:\/\/www.largepillow.com\/sv\/product\/funky-hand-shaped-chair-with-round-pillow-for-bedroom-gaming","title":{"rendered":"Funky handformad stol med rund kudde f\u00f6r sovrum och spel"},"content":{"rendered":"[zc_getpagecontent mb=&#8221;mb_aplus&#8221; apid=&#8221;124&#8243;]\n","protected":false},"excerpt":{"rendered":"<ul>\n<li>Unik och rolig design \u2013 Det h\u00e4r \u00e4r inte bara en lata golvsoffa utan ocks\u00e5 en konversationsstartare; Med sin handformade sits och basebollinspirerade runda kudde ger den en funky sportig touch till ditt utrymme; Perfekt f\u00f6r personer som \u00e4lskar abstrakt inredning och vill l\u00e4gga till ett coolt, udda element i ditt hem.<\/li>\n<li>Perfekt f\u00f6r ton\u00e5ringar och barn \u2013 Oavsett om det \u00e4r f\u00f6r ton\u00e5ringens sovrum eller ett lekrum, \u00e4r denna golvsoffa en succ\u00e9; Dess roliga och kreativa design tilltalar den yngre publiken och ger dem en mysig plats att koppla av, l\u00e4sa eller leka.<\/li>\n<li>M\u00e5ngsidig anv\u00e4ndning \u2013 Fr\u00e5n att vara ett gulligt tillskott till en skumsoffa i lekrummet till en unik fotorekvisita, passar denna enkla sofff\u00e5t\u00f6lj perfekt; Den \u00e4r \u00e4ven l\u00e4tt att ta med i sm\u00e5 utrymmen, vilket g\u00f6r den l\u00e4mplig f\u00f6r l\u00e4genheter, studenthem eller vilken vr\u00e5 som helst i ditt rum.<\/li>\n<li>H\u00f6gkvalitativa material \u2013 Tillverkade med hudv\u00e4nlig sammet, en basebollkudde fylld med PP-bomull och h\u00f6gdensitetsskum f\u00f6r den benfria soffsitsen, komfort garanteras; Dessutom garanterar den halkfria botten s\u00e4kerhet, s\u00e5 att du kan njuta av att sitta p\u00e5 den bekymmersfritt.<\/li>\n<li>Multifunktionella sittplatser \u2013 Den fungerar inte bara som extra sittplatser, utan fungerar \u00e4ven som ett konstverk; den skapar en mysig plats f\u00f6r avkoppling, medan dess unika moderna design g\u00f6r den till ett i\u00f6gonfallande inslag i alla rum.<\/li>\n<li>Soffa i en l\u00e5da \u2013 V\u00e5r f\u00e5t\u00f6lj har en raml\u00f6s konstruktion som erbjuder flexibilitet och en unik sittupplevelse; packa bara upp och se den \u00e5terf\u00e5 sin form, redo att ge ditt vardagsrum en rolig touch.<\/li>\n<\/ul>","protected":false},"featured_media":8234,"comment_status":"open","ping_status":"closed","template":"","meta":[],"product_brand":[],"product_cat":[228],"product_tag":[],"class_list":{"0":"post-8245","1":"product","2":"type-product","3":"status-publish","4":"has-post-thumbnail","6":"product_cat-cushions","8":"first","9":"instock","10":"shipping-taxable","11":"purchasable","12":"product-type-simple"},"_links":{"self":[{"href":"https:\/\/www.largepillow.com\/sv\/wp-json\/wp\/v2\/product\/8245","targetHints":{"allow":["GET"]}}],"collection":[{"href":"https:\/\/www.largepillow.com\/sv\/wp-json\/wp\/v2\/product"}],"about":[{"href":"https:\/\/www.largepillow.com\/sv\/wp-json\/wp\/v2\/types\/product"}],"replies":[{"embeddable":true,"href":"https:\/\/www.largepillow.com\/sv\/wp-json\/wp\/v2\/comments?post=8245"}],"wp:featuredmedia":[{"embeddable":true,"href":"https:\/\/www.largepillow.com\/sv\/wp-json\/wp\/v2\/media\/8234"}],"wp:attachment":[{"href":"https:\/\/www.largepillow.com\/sv\/wp-json\/wp\/v2\/media?parent=8245"}],"wp:term":[{"taxonomy":"product_brand","embeddable":true,"href":"https:\/\/www.largepillow.com\/sv\/wp-json\/wp\/v2\/product_brand?post=8245"},{"taxonomy":"product_cat","embeddable":true,"href":"https:\/\/www.largepillow.com\/sv\/wp-json\/wp\/v2\/product_cat?post=8245"},{"taxonomy":"product_tag","embeddable":true,"href":"https:\/\/www.largepillow.com\/sv\/wp-json\/wp\/v2\/product_tag?post=8245"}],"curies":[{"name":"wp","href":"https:\/\/api.w.org\/{rel}","templated":true}]}}