{"id":8262,"date":"2025-06-12T07:43:13","date_gmt":"2025-06-12T07:43:13","guid":{"rendered":"https:\/\/www.largepillow.com\/product\/multi-use-pillow-for-comfortable-sleep-sitting-with-back-support"},"modified":"2025-11-15T16:05:15","modified_gmt":"2025-11-15T16:05:15","slug":"multifunktionell-kudde-for-bekvam-somn-sittande-med-ryggstod","status":"publish","type":"product","link":"https:\/\/www.largepillow.com\/sv\/product\/multi-use-pillow-for-comfortable-sleep-sitting-with-back-support\/","title":{"rendered":"Multifunktionell kudde f\u00f6r bekv\u00e4m s\u00f6mn och sittning med ryggst\u00f6d"},"content":{"rendered":"[zc_getpagecontent mb=&#8221;mb_aplus&#8221; apid=&#8221;117&#8243;]\n","protected":false},"excerpt":{"rendered":"<ul>\n<li>M\u00e5ngsidig \u00e5terh\u00e4mtning efter BBL-kirurgi: V\u00e5rt BBL-kuddset efter operation \u00e4r utformat f\u00f6r komfort och m\u00e5ngsidighet efter BBL-kirurgi. Det inkluderar en BBL-skumkudde och en ryggst\u00f6dskudde. Deras m\u00e5ngsidighet g\u00f6r att du kan anv\u00e4nda dem tillsammans som en kudde med ansiktet ned\u00e5t efter BBL-kirurgi eller som en BBL Butt Lift-kudde + ryggst\u00f6dskudde, vilket perfekt l\u00f6ser dina m\u00e5nga behov efter BBL-kirurgi.<\/li>\n<li>Komfort i magl\u00e4ge: Den unika h\u00e5ldesignen p\u00e5 kudden med ansiktet ned\u00e5t m\u00f6jligg\u00f6r en sovst\u00e4llning med ansiktet ned\u00e5t, vilket fr\u00e4mjar optimal komfort och andning. Denna position underl\u00e4ttar postoperativ \u00e5terh\u00e4mtning, inklusive BBL-kirurgi eller andra \u00f6gonoperationer, och kudden kan justeras f\u00f6r att ge ytterligare st\u00f6d genom att linda armarna fram\u00e5t.<\/li>\n<li>H\u00f6ftlyftsst\u00f6d och ryggd\u00e4mpning: Skumkudden i rumpan st\u00f6djer h\u00f6ft\u00e5terh\u00e4mtning, medan ryggkudden i PP-bomull ger st\u00f6d f\u00f6r ryggen, vilket m\u00f6jligg\u00f6r l\u00e4ngre sittningar utan obehag. Perfekt f\u00f6r olika sittytor som restaurangstolar, kontorsstolar, bils\u00e4ten med mera, dessa bbl-kuddar f\u00f6r efter operation f\u00f6r att tillgodose dina komfortbehov efter operationen.<\/li>\n<li>H\u00e5llbar och st\u00f6djande design: Tillverkad av h\u00f6gdensitetsskum, kan v\u00e5rt BBL-kuddset b\u00e4ra upp till 90 kg utan att sjunka eller platta till. Den fluffiga polyesterfyllningen garanterar bekv\u00e4mt st\u00f6d, och de mjuka sammets\u00f6verdragen \u00e4r avtagbara och maskintv\u00e4ttbara f\u00f6r enkelt underh\u00e5ll.<\/li>\n<li>Multifunktionell anv\u00e4ndning: Ut\u00f6ver postoperativ \u00e5terh\u00e4mtning kan dessa kuddar fungera som massagekudde eller st\u00f6d f\u00f6r aktiviteter med ansiktet ned\u00e5t, som att sova p\u00e5 skrivbordet eller sova p\u00e5 magen. Ryggst\u00f6dskudden \u00e4r f\u00f6r sj\u00e4lvst\u00e4ndigt bruk och kan fungera som l\u00e4skuddar f\u00f6r ryggst\u00f6d under \u00e5terh\u00e4mtningsperioden.<\/li>\n<li>Snabb form\u00e5terh\u00e4mtning: Observera att kudden med ansiktet ned\u00e5t kan komprimeras n\u00e5got n\u00e4r du sitter ner, s\u00e5 du kommer inte att kunna n\u00e5 sin fulla h\u00f6jd. V\u00e5ra kuddset \u00e4r vakuumf\u00f6rpackade. N\u00e4r de v\u00e4l \u00e4r uppackade \u00e5terg\u00e5r de till sin ursprungliga form inom 48\u201372 timmar.<\/li>\n<\/ul>","protected":false},"featured_media":8255,"comment_status":"open","ping_status":"closed","template":"","meta":[],"product_brand":[],"product_cat":[228],"product_tag":[],"class_list":{"0":"post-8262","1":"product","2":"type-product","3":"status-publish","4":"has-post-thumbnail","6":"product_cat-cushions","8":"first","9":"instock","10":"shipping-taxable","11":"purchasable","12":"product-type-simple"},"_links":{"self":[{"href":"https:\/\/www.largepillow.com\/sv\/wp-json\/wp\/v2\/product\/8262","targetHints":{"allow":["GET"]}}],"collection":[{"href":"https:\/\/www.largepillow.com\/sv\/wp-json\/wp\/v2\/product"}],"about":[{"href":"https:\/\/www.largepillow.com\/sv\/wp-json\/wp\/v2\/types\/product"}],"replies":[{"embeddable":true,"href":"https:\/\/www.largepillow.com\/sv\/wp-json\/wp\/v2\/comments?post=8262"}],"wp:featuredmedia":[{"embeddable":true,"href":"https:\/\/www.largepillow.com\/sv\/wp-json\/wp\/v2\/media\/8255"}],"wp:attachment":[{"href":"https:\/\/www.largepillow.com\/sv\/wp-json\/wp\/v2\/media?parent=8262"}],"wp:term":[{"taxonomy":"product_brand","embeddable":true,"href":"https:\/\/www.largepillow.com\/sv\/wp-json\/wp\/v2\/product_brand?post=8262"},{"taxonomy":"product_cat","embeddable":true,"href":"https:\/\/www.largepillow.com\/sv\/wp-json\/wp\/v2\/product_cat?post=8262"},{"taxonomy":"product_tag","embeddable":true,"href":"https:\/\/www.largepillow.com\/sv\/wp-json\/wp\/v2\/product_tag?post=8262"}],"curies":[{"name":"wp","href":"https:\/\/api.w.org\/{rel}","templated":true}]}}