{"id":8334,"date":"2025-06-16T02:13:39","date_gmt":"2025-06-16T02:13:39","guid":{"rendered":"https:\/\/www.largepillow.com\/product\/stylish-bedroom-wedge-pillow-with-ergonomic-neck-rest"},"modified":"2025-06-17T02:29:59","modified_gmt":"2025-06-17T02:29:59","slug":"snygg-kilkudde-for-sovrummet-med-ergonomiskt-nackstod","status":"publish","type":"product","link":"https:\/\/www.largepillow.com\/sv\/product\/stylish-bedroom-wedge-pillow-with-ergonomic-neck-rest","title":{"rendered":"Snygg kilformad kudde f\u00f6r sovrummet med ergonomiskt nackst\u00f6d"},"content":{"rendered":"[zc_getpagecontent mb=&#8221;mb_aplus&#8221; apid=&#8221;118&#8243;]\n","protected":false},"excerpt":{"rendered":"<ul>\n<li>Innovativ 2-delad design \u2013 Denna huvudgavelskudde utm\u00e4rker sig med sin unika design. Det \u00f6vre vita nackst\u00f6det ger en molnliknande fristad f\u00f6r ditt huvud; medan det nedre, bredare bl\u00e5 ryggst\u00f6det erbjuder robust st\u00f6d f\u00f6r din rygg, vilket ger en harmonisk blandning av funktionalitet och stil till ditt sovrum.<\/li>\n<li>O\u00e4ndliga anv\u00e4ndningsscenarier \u2013 Oavsett om du f\u00f6rdjupar dig i en f\u00e4ngslande roman, str\u00e4cktittar p\u00e5 dina favoritprogram eller bara njuter av en stund av lugn och ro, \u00e4r den h\u00e4r kudden din perfekta partner; perfekt f\u00f6r lata s\u00f6ndagsmorgnar, eftermiddagssiestor eller sena l\u00e4srunda p\u00e5 kv\u00e4llen, f\u00f6rh\u00f6jer din avkopplingsupplevelse i s\u00e4ngen.<\/li>\n<li>F\u00f6r allas komfort \u2013 V\u00e5r kudde \u00e4r utformad med inkludering i \u00e5tanke och passar alla. Studenter kan varva ner efter l\u00e5nga studiepass, yrkesverksamma kan koppla av efter en hektisk dag och \u00e4ldre kan finna extra komfort medan de vilar. Dess ergonomiska design s\u00e4kerst\u00e4ller att m\u00e4nniskor i alla \u00e5ldrar och kroppstyper kan njuta av dess utm\u00e4rkta st\u00f6d och mysighet.<\/li>\n<li>F\u00f6rdel med anpassningsbar h\u00f6jd \u2013 Den anpassningsbara h\u00f6jdfunktionen \u00e4r revolutionerande. L\u00e4nkad med en praktisk sj\u00e4lvh\u00e4ftande rem kan du enkelt justera nackst\u00f6dets position, lyfta det f\u00f6r b\u00e4ttre nackst\u00f6d eller s\u00e4nka det f\u00f6r en mer avslappnad h\u00e5llning, vilket skr\u00e4ddarsyr din komfort efter dina exakta preferenser.<\/li>\n<li>Materialkvalitet av h\u00f6gsta kvalitet \u2013 V\u00e5r kudde f\u00f6r huvudgaveln lovar kvalitet och komfort. Huvudst\u00f6dets fyllning i PP-bomull och sammets\u00f6verdrag ger en lyxig och hudv\u00e4nlig k\u00e4nsla. Ryggst\u00f6dets \u00f6verdrag i PP-bomull och polyesterlinne \u00e4r andningsbart och slitstarkt, vilket garanterar l\u00e5ngvarig komfort och enkelt underh\u00e5ll.<\/li>\n<\/ul>","protected":false},"featured_media":8323,"comment_status":"open","ping_status":"closed","template":"","meta":[],"product_brand":[],"product_cat":[228],"product_tag":[],"class_list":{"0":"post-8334","1":"product","2":"type-product","3":"status-publish","4":"has-post-thumbnail","6":"product_cat-cushions","8":"first","9":"instock","10":"sold-individually","11":"shipping-taxable","12":"purchasable","13":"product-type-variable","14":"has-default-attributes"},"_links":{"self":[{"href":"https:\/\/www.largepillow.com\/sv\/wp-json\/wp\/v2\/product\/8334","targetHints":{"allow":["GET"]}}],"collection":[{"href":"https:\/\/www.largepillow.com\/sv\/wp-json\/wp\/v2\/product"}],"about":[{"href":"https:\/\/www.largepillow.com\/sv\/wp-json\/wp\/v2\/types\/product"}],"replies":[{"embeddable":true,"href":"https:\/\/www.largepillow.com\/sv\/wp-json\/wp\/v2\/comments?post=8334"}],"wp:featuredmedia":[{"embeddable":true,"href":"https:\/\/www.largepillow.com\/sv\/wp-json\/wp\/v2\/media\/8323"}],"wp:attachment":[{"href":"https:\/\/www.largepillow.com\/sv\/wp-json\/wp\/v2\/media?parent=8334"}],"wp:term":[{"taxonomy":"product_brand","embeddable":true,"href":"https:\/\/www.largepillow.com\/sv\/wp-json\/wp\/v2\/product_brand?post=8334"},{"taxonomy":"product_cat","embeddable":true,"href":"https:\/\/www.largepillow.com\/sv\/wp-json\/wp\/v2\/product_cat?post=8334"},{"taxonomy":"product_tag","embeddable":true,"href":"https:\/\/www.largepillow.com\/sv\/wp-json\/wp\/v2\/product_tag?post=8334"}],"curies":[{"name":"wp","href":"https:\/\/api.w.org\/{rel}","templated":true}]}}