{"id":8359,"date":"2025-06-16T03:20:34","date_gmt":"2025-06-16T03:20:34","guid":{"rendered":"https:\/\/www.largepillow.com\/product\/unique-relaxing-human-dog-bed-multi-use-anti-anxiety-floor-cushion"},"modified":"2025-06-16T03:40:23","modified_gmt":"2025-06-16T03:40:23","slug":"unik-avslappnande-hundbadd-med-flera-anvandningsomraden-anti-angest-golvkudde","status":"publish","type":"product","link":"https:\/\/www.largepillow.com\/sv\/product\/unique-relaxing-human-dog-bed-multi-use-anti-anxiety-floor-cushion","title":{"rendered":"Unik avkopplande hundb\u00e4dd f\u00f6r m\u00e4nniskor: Multifunktionell \u00e5ngestd\u00e4mpande golvkudde"},"content":{"rendered":"[zc_getpagecontent mb=&#8221;mb_aplus&#8221; apid=&#8221;137&#8243;]\n","protected":false},"excerpt":{"rendered":"<ul>\n<li><strong>Innovativ design:<\/strong> Experience the comfort and security of our frameless floor seating that envelops you like a cozy nest, promoting relaxation and easing anxiety, without any frame design, you just need to lie down on this floor seat, rely on your body for support.<\/li>\n<li><strong>Perfect for You and Your Pet:<\/strong> Whether alone or with your furry friend, this human dog bed allows both of you to stretch out and bond, making it an ideal spot for work or relaxation.<\/li>\n<li><strong>Lightweight and Portable:<\/strong> Unlike traditional beds or sofas, this floor pillow is incredibly light, making it easy to move around your home or take with you on travels, offering a sense of safety wherever you go.<\/li>\n<li><strong>Stylish and Comfortable:<\/strong> Featuring trendy geometric prints in blue, orange, and black with a soft short plush lining, this dog bed for humans offers a unique style along with unmatched comfort for hours of lounging.<\/li>\n<li><strong>Ideal Size:<\/strong> With a spacious 52*32IN dimension, this floor seating is perfect adult or children for individuals under 5.5 feet tall, especially tailored for the comfort of petite users, providing a snug and relaxing experience.<\/li>\n<\/ul>","protected":false},"featured_media":8353,"comment_status":"open","ping_status":"closed","template":"","meta":[],"product_brand":[],"product_cat":[228],"product_tag":[],"class_list":{"0":"post-8359","1":"product","2":"type-product","3":"status-publish","4":"has-post-thumbnail","6":"product_cat-cushions","8":"first","9":"instock","10":"shipping-taxable","11":"purchasable","12":"product-type-simple"},"_links":{"self":[{"href":"https:\/\/www.largepillow.com\/sv\/wp-json\/wp\/v2\/product\/8359","targetHints":{"allow":["GET"]}}],"collection":[{"href":"https:\/\/www.largepillow.com\/sv\/wp-json\/wp\/v2\/product"}],"about":[{"href":"https:\/\/www.largepillow.com\/sv\/wp-json\/wp\/v2\/types\/product"}],"replies":[{"embeddable":true,"href":"https:\/\/www.largepillow.com\/sv\/wp-json\/wp\/v2\/comments?post=8359"}],"wp:featuredmedia":[{"embeddable":true,"href":"https:\/\/www.largepillow.com\/sv\/wp-json\/wp\/v2\/media\/8353"}],"wp:attachment":[{"href":"https:\/\/www.largepillow.com\/sv\/wp-json\/wp\/v2\/media?parent=8359"}],"wp:term":[{"taxonomy":"product_brand","embeddable":true,"href":"https:\/\/www.largepillow.com\/sv\/wp-json\/wp\/v2\/product_brand?post=8359"},{"taxonomy":"product_cat","embeddable":true,"href":"https:\/\/www.largepillow.com\/sv\/wp-json\/wp\/v2\/product_cat?post=8359"},{"taxonomy":"product_tag","embeddable":true,"href":"https:\/\/www.largepillow.com\/sv\/wp-json\/wp\/v2\/product_tag?post=8359"}],"curies":[{"name":"wp","href":"https:\/\/api.w.org\/{rel}","templated":true}]}}