{"id":866,"date":"2022-09-17T14:44:55","date_gmt":"2022-09-17T14:44:55","guid":{"rendered":"https:\/\/www.largepillow.com\/product\/wedge-pillow-for-acid-reflux_37_38_39_40_41_42_43"},"modified":"2025-04-18T01:36:58","modified_gmt":"2025-04-18T01:36:58","slug":"ryggkudde-for-att-sova","status":"publish","type":"product","link":"https:\/\/www.largepillow.com\/sv\/product\/back-pillow-for-sleeping","title":{"rendered":"Ryggkudde f\u00f6r att sova"},"content":{"rendered":"<p>Ryggkudden f\u00f6r att sova: Det ultimata komforttillbeh\u00f6ret<\/p>\n<p>\u00c4r du tr\u00f6tt p\u00e5 att k\u00e4nna obehag n\u00e4r du f\u00f6rs\u00f6ker koppla av i s\u00e4ngen, soffan, dagb\u00e4dden eller soffan? Har du ofta sv\u00e5rt att f\u00e5 det bekv\u00e4mt n\u00e4r du l\u00e4ser, tittar p\u00e5 TV eller arbetar i s\u00e4ngen? I s\u00e5 fall \u00e4r ryggkudden f\u00f6r s\u00f6mn det perfekta tillbeh\u00f6ret f\u00f6r dig!<\/p>\n<p>En av de mest framst\u00e5ende egenskaperna hos den h\u00e4r produkten \u00e4r dess rundade form, som erbjuder utm\u00e4rkt komfort. Denna l\u00e4skudde med huvudgavel kan hj\u00e4lpa dig att h\u00e5lla dig sp\u00e4nningsfri, oavsett var du befinner dig. Oavsett om du \u00e4r en nattuggla som tycker om att arbeta sent p\u00e5 natten, en bokmal som \u00e4lskar att l\u00e4sa i s\u00e4ngen eller n\u00e5gon som helt enkelt tycker om att titta p\u00e5 TV i s\u00e4ngen, har den h\u00e4r kudden det du s\u00f6ker.<\/p>\n<p>En annan unik egenskap hos ryggkudden f\u00f6r s\u00f6mn \u00e4r dess upph\u00f6jda ryggst\u00f6dsdesign. Tack vare det dubbla radernas upph\u00f6jda ryggst\u00f6d ger denna kudden \u00f6verl\u00e4gset st\u00f6d f\u00f6r nacke och rygg. Detta g\u00f6r den till det perfekta tillbeh\u00f6ret f\u00f6r dig som lider av rygg- eller nacksm\u00e4rtor, eller f\u00f6r alla som helt enkelt vill koppla av och l\u00e4sa i s\u00e4ngen.<\/p>\n<p>Den multifunktionella designen hos ryggkudden f\u00f6r s\u00f6mn \u00e4r ytterligare en viktig f\u00f6rs\u00e4ljningsargument. Med tre olika s\u00e4tt att anv\u00e4nda den \u00e4r denna kudd perfekt f\u00f6r alla situationer. Oavsett om du f\u00f6redrar att anv\u00e4nda den som en uppr\u00e4tt ryggkudde, en kilkudde eller en benkudde f\u00f6r upph\u00f6jt st\u00f6d, \u00e4r den det perfekta tillbeh\u00f6ret f\u00f6r bekv\u00e4m vila och avkoppling.<\/p>\n<p>N\u00e4r det g\u00e4ller hantverk \u00e4r ryggkudden f\u00f6r s\u00f6mn tillverkad av h\u00f6gkvalitativa material. Tyget med linneliknande utseende \u00e4r tillverkat av 100% polyester, och kudden \u00e4r fylld med milj\u00f6v\u00e4nlig och h\u00f6gbest\u00e4ndig polyesterfiberfyllning. Dessutom \u00e4r den avtagbara bolsterdynan l\u00e4tt att maskintv\u00e4tta, medan de sm\u00e5 sidofickorna g\u00f6r denna redan lyxiga produkt praktisk.<\/p>\n<p>En av de mest tilltalande aspekterna av den h\u00e4r kudde \u00e4r dess enkla anv\u00e4ndning och underh\u00e5ll. \u00d6verdraget till huvudgaveln \u00e4r f\u00e4st vid kuddens insida med knappar och \u00e4r enkelt att ta bort med en enkel dragkedja. Detta g\u00f6r reng\u00f6ringen problemfri. Ta bara bort \u00f6verdraget och tv\u00e4tta snabbt i maskin f\u00f6r att f\u00e5 din kudde att se ut som ny.<\/p>\n<p>Ryggkudden f\u00f6r s\u00f6mn finns i en m\u00e4ngd olika storlekar som passar alla s\u00e4ngstorlekar: 100 cm, 120 cm, 140 cm, 160 cm, 180 cm och 200 cm. Detta g\u00f6r det enkelt att hitta den perfekta kudden f\u00f6r just dina behov.<\/p>\n<p>Som en n\u00f6jd kund skriver: \u201cDen h\u00e4r kudden \u00e4r revolutionerande! Den erbjuder s\u00e5 mycket st\u00f6d och komfort, och de m\u00e5nga s\u00e4tten att anv\u00e4nda den g\u00f6r den perfekt f\u00f6r alla situationer. Jag rekommenderar den starkt till alla som vill f\u00f6rb\u00e4ttra sin s\u00f6mn och avkoppling.\u201d<\/p>\n<p>Sammantaget \u00e4r ryggkudden f\u00f6r s\u00f6mn en utm\u00e4rkt investering f\u00f6r alla som vill f\u00f6rb\u00e4ttra sin komfort och avkopplingsupplevelse. Med sitt h\u00f6gkvalitativa hantverk, multifunktionella design och enkla anv\u00e4ndning och underh\u00e5ll kommer denna kudde garanterat att bli ett favorittillbeh\u00f6r i m\u00e5nga \u00e5r fram\u00f6ver.<\/p>","protected":false},"excerpt":{"rendered":"<ul>\n<li><strong>Ultimat komfort:<\/strong> Denna extra stora kudde med f\u00f6rh\u00f6jd huvudgavel erbjuder utm\u00e4rkt komfort tack vare sin rundade form. Denna l\u00e4skudde f\u00f6r huvudgaveln kan hj\u00e4lpa dig att h\u00e5lla dig sp\u00e4nningsfri i s\u00e4ngsoffan, dagb\u00e4dden eller soffan, vilket \u00e4r perfekt f\u00f6r arbetande nattugglor, bokmalar och f\u00f6r att titta p\u00e5 TV i s\u00e4ngen.<\/li>\n<li><strong>F\u00f6rh\u00f6jd ryggst\u00f6dsdesign:<\/strong> Njut av o\u00f6vertr\u00e4ffad komfort med v\u00e5r huvudgavelkuddes unika design med dubbla rader och upph\u00f6jt ryggst\u00f6d. Den upph\u00f6jda huvudgavelkudde ger \u00f6verl\u00e4gset st\u00f6d f\u00f6r din nacke och rygg, vilket g\u00f6r den till den perfekta platsen att koppla av och l\u00e4sa i s\u00e4ngen.<\/li>\n<li><strong>Multifunktionell kudde:<\/strong> Med tre olika s\u00e4tt att anv\u00e4nda den \u00e4r v\u00e5r kudde perfekt f\u00f6r alla situationer. Oavsett om du f\u00f6redrar att anv\u00e4nda den som en uppr\u00e4tt ryggkudde, en kilkudde eller en benkudde f\u00f6r upph\u00f6jt st\u00f6d, \u00e4r den det perfekta tillbeh\u00f6ret f\u00f6r bekv\u00e4m vila och avkoppling.<\/li>\n<li><strong>\u00d6verl\u00e4gset hantverk:<\/strong> Tillverkad av linneliknande tyg med sammans\u00e4ttningen 100% polyester, \u00e4r v\u00e5r huvudgavelkudde fylld med milj\u00f6v\u00e4nlig och h\u00f6gelastisk polyesterfiber. Den avtagbara bolsterdynan \u00e4r enkel att maskintv\u00e4tta, medan de sm\u00e5 sidofickorna g\u00f6r denna redan lyxiga produkt praktisk.<\/li>\n<li><strong>L\u00e4tt att tv\u00e4tta:<\/strong> \u00d6verdraget till huvudgaveln \u00e4r f\u00e4st vid kuddens insida med knappar och \u00e4r enkelt att ta bort med en enkel dragkedja. Detta g\u00f6r reng\u00f6ringen problemfri. Ta bara bort \u00f6verdraget och tv\u00e4tta det snabbt i maskin f\u00f6r att f\u00e5 din kudde att se ut som ny.<\/li>\n<li><strong>Storlek:<\/strong> 100 cm (L100 x B26 x H55 | 3 kolumner med knappar), 120 cm (L120 x B26 x H55 | 4 kolumner med knappar), 140 cm (L140 x B26 x H55 | 4 kolumner med knappar), 160 cm (L160 x B26 x H55 | 5 kolumner med knappar), 180 cm (L180 x B26 x H55 | 6 kolumner med knappar), 200 cm (L200 x B26 x H55 | 7 kolumner med knappar).<\/li>\n<\/ul>","protected":false},"featured_media":852,"comment_status":"open","ping_status":"closed","template":"","meta":[],"product_brand":[],"product_cat":[15],"product_tag":[160,66,164,161,163,143,162,65],"class_list":{"0":"post-866","1":"product","2":"type-product","3":"status-publish","4":"has-post-thumbnail","6":"product_cat-large-wedge-pillow","7":"product_tag-back-pillow-for-sleeping","8":"product_tag-back-support-pillow","9":"product_tag-detachable-bolster-bed-cushion","10":"product_tag-elevated-headboard-pillow","11":"product_tag-leg-pillow","12":"product_tag-multifunctional-pillow","13":"product_tag-upright-back-pillow","14":"product_tag-wedge-pillow","16":"first","17":"instock","18":"featured","19":"shipping-taxable","20":"purchasable","21":"product-type-variable"},"_links":{"self":[{"href":"https:\/\/www.largepillow.com\/sv\/wp-json\/wp\/v2\/product\/866","targetHints":{"allow":["GET"]}}],"collection":[{"href":"https:\/\/www.largepillow.com\/sv\/wp-json\/wp\/v2\/product"}],"about":[{"href":"https:\/\/www.largepillow.com\/sv\/wp-json\/wp\/v2\/types\/product"}],"replies":[{"embeddable":true,"href":"https:\/\/www.largepillow.com\/sv\/wp-json\/wp\/v2\/comments?post=866"}],"wp:featuredmedia":[{"embeddable":true,"href":"https:\/\/www.largepillow.com\/sv\/wp-json\/wp\/v2\/media\/852"}],"wp:attachment":[{"href":"https:\/\/www.largepillow.com\/sv\/wp-json\/wp\/v2\/media?parent=866"}],"wp:term":[{"taxonomy":"product_brand","embeddable":true,"href":"https:\/\/www.largepillow.com\/sv\/wp-json\/wp\/v2\/product_brand?post=866"},{"taxonomy":"product_cat","embeddable":true,"href":"https:\/\/www.largepillow.com\/sv\/wp-json\/wp\/v2\/product_cat?post=866"},{"taxonomy":"product_tag","embeddable":true,"href":"https:\/\/www.largepillow.com\/sv\/wp-json\/wp\/v2\/product_tag?post=866"}],"curies":[{"name":"wp","href":"https:\/\/api.w.org\/{rel}","templated":true}]}}