{"id":914,"date":"2022-09-18T08:07:44","date_gmt":"2022-09-18T08:07:44","guid":{"rendered":"https:\/\/www.largepillow.com\/product\/wedge-pillow-for-acid-reflux_37_38_39_40_41_42_43_44_45_46"},"modified":"2025-06-12T17:32:43","modified_gmt":"2025-06-12T17:32:43","slug":"kudde-for-sangen","status":"publish","type":"product","link":"https:\/\/www.largepillow.com\/sv\/product\/bolster-pillow-for-bed","title":{"rendered":"Bolsterkudde f\u00f6r s\u00e4ng"},"content":{"rendered":"<p>Bolster-kudden f\u00f6r s\u00e4ngen \u2013 det perfekta tillbeh\u00f6ret f\u00f6r en mysig hemmakv\u00e4ll eller en lat dag i s\u00e4ngen. Denna extra stora kudd med upph\u00f6jd huvudgavel erbjuder ultimat komfort med sin unika b\u00f6jda design, s\u00e5 att du kan vara avslappnad n\u00e4r du arbetar, l\u00e4ser eller tittar p\u00e5 TV i s\u00e4ngen. <\/p>\n<p>Huvudgavelkuddens upph\u00f6jda ryggst\u00f6d ger \u00f6verl\u00e4gset st\u00f6d f\u00f6r nacke och rygg, vilket g\u00f6r den till den perfekta platsen att koppla av och l\u00e4sa i s\u00e4ngen. Kudden \u00e4r ocks\u00e5 perfekt f\u00f6r alla situationer, med tre olika s\u00e4tt att anv\u00e4nda den. Oavsett om du f\u00f6redrar att anv\u00e4nda den som en uppr\u00e4tt ryggkudde, en kilkudde eller en benkudde f\u00f6r upph\u00f6jt st\u00f6d, \u00e4r denna multifunktionella kudde designad f\u00f6r din komfort.<\/p>\n<p>Tillverkad av h\u00f6gkvalitativt sammetsliknande tyg och fylld med milj\u00f6v\u00e4nlig och h\u00f6gelastisk polyesterfiber, \u00e4r bolsterkudden slitstark och byggd f\u00f6r att h\u00e5lla. Den avtagbara bolsterkudden \u00e4r l\u00e4tt att maskintv\u00e4tta, medan de sm\u00e5 sidofickorna g\u00f6r denna redan lyxiga produkt praktisk.<\/p>\n<p>Denna kudd finns i sex olika storlekar fr\u00e5n 100 cm till 200 cm och \u00e4r perfekt f\u00f6r alla s\u00e4ngar, soffor, dagb\u00e4ddar eller soffor. Du kan v\u00e4lja den som passar dina behov, oavsett om du vill anv\u00e4nda den f\u00f6r att l\u00e4sa, arbeta eller bara koppla av.<\/p>\n<p>Och lita inte bara p\u00e5 oss. En n\u00f6jd kund kommenterade: \u201cDen h\u00e4r kudden \u00e4r fantastisk! Den \u00e4r s\u00e5 bekv\u00e4m och har perfekt storlek. Tyget \u00e4r mjukt och mysigt, och de m\u00e5nga knapparna g\u00f6r den enkel att justera efter dina \u00f6nskem\u00e5l. Den \u00e4r definitivt v\u00e4rd investeringen.\u201d<\/p>\n<p>En annan n\u00f6jd kund som k\u00f6pte kudden i kaffef\u00e4rgad holl\u00e4ndsk sammet sa: \u201cDen h\u00e4r kudden \u00e4r s\u00e5 mjuk och bekv\u00e4m. Den har den perfekta storleken f\u00f6r min s\u00e4ng, och f\u00e4rgen \u00e4r vacker. Jag anv\u00e4nder den varje dag f\u00f6r att l\u00e4sa och titta p\u00e5 TV, och den har gjort en enorm skillnad f\u00f6r min komfortniv\u00e5.\u201d<\/p>\n<p>Sammanfattningsvis \u00e4r Bolster Pillow For Bed ett m\u00e5ste f\u00f6r alla som \u00e4lskar att spendera tid i s\u00e4ngen. Den erbjuder ultimat komfort, \u00f6verl\u00e4gset st\u00f6d och \u00e4r byggd f\u00f6r att h\u00e5lla med h\u00f6gkvalitativt hantverk. V\u00e4lj din storlek och f\u00e4rg och upplev ultimat avkoppling.<\/p>","protected":false},"excerpt":{"rendered":"<ul>\n<li><strong>Ultimat komfort:<\/strong> Denna extra stora kudde med f\u00f6rh\u00f6jd huvudgavel erbjuder utm\u00e4rkt komfort tack vare sin rundade form. Denna l\u00e4skudde f\u00f6r huvudgaveln kan hj\u00e4lpa dig att h\u00e5lla dig sp\u00e4nningsfri i s\u00e4ngsoffan, dagb\u00e4dden eller soffan, vilket \u00e4r perfekt f\u00f6r arbetande nattugglor, bokmalar och f\u00f6r att titta p\u00e5 TV i s\u00e4ngen.<\/li>\n<li><strong>F\u00f6rh\u00f6jd ryggst\u00f6dsdesign:<\/strong> Njut av o\u00f6vertr\u00e4ffad komfort med v\u00e5r huvudgavelkuddes unika design med dubbla rader och upph\u00f6jt ryggst\u00f6d. Den upph\u00f6jda huvudgavelkudde ger \u00f6verl\u00e4gset st\u00f6d f\u00f6r din nacke och rygg, vilket g\u00f6r den till den perfekta platsen att koppla av och l\u00e4sa i s\u00e4ngen.<\/li>\n<li><strong>Multifunktionell kudde:<\/strong> Med tre olika s\u00e4tt att anv\u00e4nda den \u00e4r v\u00e5r kudde perfekt f\u00f6r alla situationer. Oavsett om du f\u00f6redrar att anv\u00e4nda den som en uppr\u00e4tt ryggkudde, en kilkudde eller en benkudde f\u00f6r upph\u00f6jt st\u00f6d, \u00e4r den det perfekta tillbeh\u00f6ret f\u00f6r bekv\u00e4m vila och avkoppling.<\/li>\n<li><strong>\u00d6verl\u00e4gset hantverk:<\/strong> Tillverkad av sammetsliknande tyg med sammans\u00e4ttningen 100% polyester, \u00e4r v\u00e5r huvudgavelkudde fylld med milj\u00f6v\u00e4nlig och h\u00f6gelastisk polyesterfiber. Den avtagbara bolsterdynan \u00e4r enkel att maskintv\u00e4tta, medan de sm\u00e5 sidofickorna g\u00f6r denna redan lyxiga produkt praktisk.<\/li>\n<li><strong>L\u00e4tt att tv\u00e4tta:<\/strong> \u00d6verdraget till huvudgaveln \u00e4r f\u00e4st vid kuddens insida med knappar och \u00e4r enkelt att ta bort med en enkel dragkedja. Detta g\u00f6r reng\u00f6ringen problemfri. Ta bara bort \u00f6verdraget och tv\u00e4tta det snabbt i maskin f\u00f6r att f\u00e5 din kudde att se ut som ny.<\/li>\n<li><strong>Storlek:<\/strong> 100 cm (L100 x B26 x H55 | 3 kolumner med knappar), 120 cm (L120 x B26 x H55 | 4 kolumner med knappar), 140 cm (L140 x B26 x H55 | 4 kolumner med knappar), 160 cm (L160 x B26 x H55 | 5 kolumner med knappar), 180 cm (L180 x B26 x H55 | 6 kolumner med knappar), 200 cm (L200 x B26 x H55 | 7 kolumner med knappar).<\/li>\n<\/ul>","protected":false},"featured_media":905,"comment_status":"open","ping_status":"closed","template":"","meta":[],"product_brand":[],"product_cat":[15],"product_tag":[178,164,161,168,179,163,143,162,65],"class_list":{"0":"post-914","1":"product","2":"type-product","3":"status-publish","4":"has-post-thumbnail","6":"product_cat-large-wedge-pillow","7":"product_tag-bolster-pillow-for-bed","8":"product_tag-detachable-bolster-bed-cushion","9":"product_tag-elevated-headboard-pillow","10":"product_tag-headboard-pillow","11":"product_tag-headboard-reading-pillow","12":"product_tag-leg-pillow","13":"product_tag-multifunctional-pillow","14":"product_tag-upright-back-pillow","15":"product_tag-wedge-pillow","17":"first","18":"instock","19":"shipping-taxable","20":"purchasable","21":"product-type-variable"},"_links":{"self":[{"href":"https:\/\/www.largepillow.com\/sv\/wp-json\/wp\/v2\/product\/914","targetHints":{"allow":["GET"]}}],"collection":[{"href":"https:\/\/www.largepillow.com\/sv\/wp-json\/wp\/v2\/product"}],"about":[{"href":"https:\/\/www.largepillow.com\/sv\/wp-json\/wp\/v2\/types\/product"}],"replies":[{"embeddable":true,"href":"https:\/\/www.largepillow.com\/sv\/wp-json\/wp\/v2\/comments?post=914"}],"wp:featuredmedia":[{"embeddable":true,"href":"https:\/\/www.largepillow.com\/sv\/wp-json\/wp\/v2\/media\/905"}],"wp:attachment":[{"href":"https:\/\/www.largepillow.com\/sv\/wp-json\/wp\/v2\/media?parent=914"}],"wp:term":[{"taxonomy":"product_brand","embeddable":true,"href":"https:\/\/www.largepillow.com\/sv\/wp-json\/wp\/v2\/product_brand?post=914"},{"taxonomy":"product_cat","embeddable":true,"href":"https:\/\/www.largepillow.com\/sv\/wp-json\/wp\/v2\/product_cat?post=914"},{"taxonomy":"product_tag","embeddable":true,"href":"https:\/\/www.largepillow.com\/sv\/wp-json\/wp\/v2\/product_tag?post=914"}],"curies":[{"name":"wp","href":"https:\/\/api.w.org\/{rel}","templated":true}]}}