{"id":946,"date":"2022-09-18T08:36:16","date_gmt":"2022-09-18T08:36:16","guid":{"rendered":"https:\/\/www.largepillow.com\/product\/wedge-pillow-for-acid-reflux_37_38_39_40_41_42_43_44_45_46_47_48"},"modified":"2024-10-03T16:31:35","modified_gmt":"2024-10-03T16:31:35","slug":"balteskudde-till-sangen","status":"publish","type":"product","link":"https:\/\/www.largepillow.com\/sv\/product\/bolster-cushion-for-bed","title":{"rendered":"Bolsterkudde f\u00f6r s\u00e4ng"},"content":{"rendered":"<p>Den ultimata komforten och st\u00f6det: Bolsterkudde f\u00f6r s\u00e4ngen<\/p>\n<p>\u00c4r du tr\u00f6tt p\u00e5 obekv\u00e4ma och obekv\u00e4mliga kuddar som g\u00f6r att du k\u00e4nner dig tr\u00f6tt och \u00f6m? Leta inte l\u00e4ngre \u00e4n Bolster Cushion for Bed, l\u00f6sningen p\u00e5 alla dina l\u00e4ggdagsproblem.<\/p>\n<p>O\u00f6vertr\u00e4ffad komfort och ryggst\u00f6d<\/p>\n<p>Denna upph\u00f6jda huvudgavelkudde har en b\u00f6jd design som formar sig efter din kropp och ger exceptionell komfort. Dess unika, upph\u00f6jda ryggst\u00f6d med dubbla rader ger o\u00f6vertr\u00e4ffat st\u00f6d f\u00f6r nacke och rygg, vilket g\u00f6r den idealisk f\u00f6r bokmalar, nattugglor och TV-entusiaster.<\/p>\n<p>Multifunktionell och m\u00e5ngsidig<\/p>\n<p>Med tre m\u00e5ngsidiga anv\u00e4ndningss\u00e4tt \u00e4r Bolster-kudden den perfekta f\u00f6ljeslagaren f\u00f6r alla situationer. Anv\u00e4nd den som en uppr\u00e4tt ryggkudde f\u00f6r mysig l\u00e4sning, som en kilformad kudde f\u00f6r upph\u00f6jt benst\u00f6d eller som en benkudde f\u00f6r extra komfort.<\/p>\n<p>Exceptionellt hantverk och material<\/p>\n<p>Tillverkad av lyxigt sammetsliknande tyg (100% polyester), garanterar den milj\u00f6v\u00e4nliga polyesterfiberfyllningen h\u00f6g motst\u00e5ndskraft och st\u00f6d. Den avtagbara bolsterdynan g\u00f6r den otroligt enkel att maskintv\u00e4tta, medan de sm\u00e5 sidofickorna ger extra funktionalitet.<\/p>\n<p>Enkelt underh\u00e5ll<\/p>\n<p>Att underh\u00e5lla bolsterkudden \u00e4r j\u00e4ttekul. \u00d6verdraget till huvudgaveln f\u00e4sts med knappar och har en praktisk dragkedja f\u00f6r enkel avtagning. Ta bara bort \u00f6verdraget och sl\u00e4ng det i tv\u00e4ttmaskinen f\u00f6r en uppfr\u00e4schning.<\/p>\n<p>Finns i en rad storlekar<\/p>\n<p>V\u00e4lj bland en m\u00e4ngd olika storlekar f\u00f6r att perfekt passa din s\u00e4ng och dina behov: 100 cm, 120 cm, 140 cm, 160 cm, 180 cm och 200 cm.<\/p>\n<p>Kundomd\u00f6men<\/p>\n<p>Ta inte bara v\u00e5rt ord f\u00f6r det. H\u00e4r \u00e4r vad n\u00f6jda kunder har att s\u00e4ga:<\/p>\n<p>\u201dDenna bolsterkudde \u00e4r revolutionerande. Den har f\u00f6rb\u00e4ttrat min s\u00f6mnkvalitet och mitt ryggst\u00f6d fullst\u00e4ndigt.\u201d \u2013 Sarah J.<br \/>\n\u201dSom en ivrig l\u00e4sare har den h\u00e4r kudden gjort l\u00e4ggdags till en verkligt avkopplande upplevelse. Den \u00e4r s\u00e5 bekv\u00e4m och st\u00f6djande.\u201d \u2013 John F.<br \/>\n\u201dJag \u00e4lskar hur m\u00e5ngsidig den h\u00e4r kudden \u00e4r. Den \u00e4r perfekt f\u00f6r att l\u00e4sa, titta p\u00e5 TV eller till och med som benst\u00f6d.\u201d \u2013 Mary K.<\/p>\n<p>F\u00f6rb\u00e4ttra din l\u00e4ggdagsrutin med bolsterkudden<\/p>\n<p>F\u00f6rh\u00f6j din sovrumsupplevelse med Bolster-dynan f\u00f6r s\u00e4ngen. Dess exceptionella komfort, st\u00f6d, m\u00e5ngsidighet och enkla underh\u00e5ll kommer att f\u00f6rvandla dina n\u00e4tter till en oas av avkoppling och f\u00f6ryngring.<\/p>","protected":false},"excerpt":{"rendered":"<ul>\n<li><strong>Ultimat komfort:<\/strong> Denna extra stora kudde med f\u00f6rh\u00f6jd huvudgavel erbjuder utm\u00e4rkt komfort tack vare sin rundade form. Denna l\u00e4skudde f\u00f6r huvudgaveln kan hj\u00e4lpa dig att h\u00e5lla dig sp\u00e4nningsfri i s\u00e4ngsoffan, dagb\u00e4dden eller soffan, vilket \u00e4r perfekt f\u00f6r arbetande nattugglor, bokmalar och f\u00f6r att titta p\u00e5 TV i s\u00e4ngen.<\/li>\n<li><strong>F\u00f6rh\u00f6jd ryggst\u00f6dsdesign:<\/strong> Njut av o\u00f6vertr\u00e4ffad komfort med v\u00e5r huvudgavelkuddes unika design med dubbla rader och upph\u00f6jt ryggst\u00f6d. Den upph\u00f6jda huvudgavelkudde ger \u00f6verl\u00e4gset st\u00f6d f\u00f6r din nacke och rygg, vilket g\u00f6r den till den perfekta platsen att koppla av och l\u00e4sa i s\u00e4ngen.<\/li>\n<li><strong>Multifunktionell kudde:<\/strong> Med tre olika s\u00e4tt att anv\u00e4nda den \u00e4r v\u00e5r kudde perfekt f\u00f6r alla situationer. Oavsett om du f\u00f6redrar att anv\u00e4nda den som en uppr\u00e4tt ryggkudde, en kilkudde eller en benkudde f\u00f6r upph\u00f6jt st\u00f6d, \u00e4r den det perfekta tillbeh\u00f6ret f\u00f6r bekv\u00e4m vila och avkoppling.<\/li>\n<li><strong>\u00d6verl\u00e4gset hantverk:<\/strong> Tillverkad av sammetsliknande tyg med sammans\u00e4ttningen 100% polyester, \u00e4r v\u00e5r huvudgavelkudde fylld med milj\u00f6v\u00e4nlig och h\u00f6gelastisk polyesterfiber. Den avtagbara bolsterdynan \u00e4r enkel att maskintv\u00e4tta, medan de sm\u00e5 sidofickorna g\u00f6r denna redan lyxiga produkt praktisk.<\/li>\n<li><strong>L\u00e4tt att tv\u00e4tta:<\/strong> \u00d6verdraget till huvudgaveln \u00e4r f\u00e4st vid kuddens insida med knappar och \u00e4r enkelt att ta bort med en enkel dragkedja. Detta g\u00f6r reng\u00f6ringen problemfri. Ta bara bort \u00f6verdraget och tv\u00e4tta det snabbt i maskin f\u00f6r att f\u00e5 din kudde att se ut som ny.<\/li>\n<li><strong>Storlek:<\/strong> 100 cm (L100 x B26 x H55 | 3 kolumner med knappar), 120 cm (L120 x B26 x H55 | 4 kolumner med knappar), 140 cm (L140 x B26 x H55 | 4 kolumner med knappar), 160 cm (L160 x B26 x H55 | 5 kolumner med knappar), 180 cm (L180 x B26 x H55 | 6 kolumner med knappar), 200 cm (L200 x B26 x H55 | 7 kolumner med knappar).<\/li>\n<\/ul>","protected":false},"featured_media":937,"comment_status":"open","ping_status":"closed","template":"","meta":[],"product_brand":[],"product_cat":[15],"product_tag":[108,173,161,168,143,120,65],"class_list":{"0":"post-946","1":"product","2":"type-product","3":"status-publish","4":"has-post-thumbnail","6":"product_cat-large-wedge-pillow","7":"product_tag-bed-cushion","8":"product_tag-bolster-cushion","9":"product_tag-elevated-headboard-pillow","10":"product_tag-headboard-pillow","11":"product_tag-multifunctional-pillow","12":"product_tag-velvet-pillow","13":"product_tag-wedge-pillow","15":"first","16":"instock","17":"shipping-taxable","18":"purchasable","19":"product-type-variable"},"_links":{"self":[{"href":"https:\/\/www.largepillow.com\/sv\/wp-json\/wp\/v2\/product\/946","targetHints":{"allow":["GET"]}}],"collection":[{"href":"https:\/\/www.largepillow.com\/sv\/wp-json\/wp\/v2\/product"}],"about":[{"href":"https:\/\/www.largepillow.com\/sv\/wp-json\/wp\/v2\/types\/product"}],"replies":[{"embeddable":true,"href":"https:\/\/www.largepillow.com\/sv\/wp-json\/wp\/v2\/comments?post=946"}],"wp:featuredmedia":[{"embeddable":true,"href":"https:\/\/www.largepillow.com\/sv\/wp-json\/wp\/v2\/media\/937"}],"wp:attachment":[{"href":"https:\/\/www.largepillow.com\/sv\/wp-json\/wp\/v2\/media?parent=946"}],"wp:term":[{"taxonomy":"product_brand","embeddable":true,"href":"https:\/\/www.largepillow.com\/sv\/wp-json\/wp\/v2\/product_brand?post=946"},{"taxonomy":"product_cat","embeddable":true,"href":"https:\/\/www.largepillow.com\/sv\/wp-json\/wp\/v2\/product_cat?post=946"},{"taxonomy":"product_tag","embeddable":true,"href":"https:\/\/www.largepillow.com\/sv\/wp-json\/wp\/v2\/product_tag?post=946"}],"curies":[{"name":"wp","href":"https:\/\/api.w.org\/{rel}","templated":true}]}}