{"id":962,"date":"2022-09-18T08:44:12","date_gmt":"2022-09-18T08:44:12","guid":{"rendered":"https:\/\/www.largepillow.com\/product\/wedge-pillow-for-acid-reflux_37_38_39_40_41_42_43_44_45_46_47_48_49"},"modified":"2026-01-20T12:03:43","modified_gmt":"2026-01-20T12:03:43","slug":"stor-bolsterkudde","status":"publish","type":"product","link":"https:\/\/www.largepillow.com\/sv\/product\/large-bolster-cushion\/","title":{"rendered":"Stor bolsterkudde"},"content":{"rendered":"<p>Letar du efter den ultimata komforten n\u00e4r du l\u00e4ser eller tittar p\u00e5 TV i s\u00e4ngen? D\u00e5 har du kommit r\u00e4tt till v\u00e5r stora b\u00e4lteskudde.<\/p>\n<p>Denna extra stora kudde med f\u00f6rh\u00f6jd huvudgavel har en b\u00f6jd design som ger utm\u00e4rkt komfort f\u00f6r anv\u00e4ndarna. Oavsett om du \u00e4r jobbig nattuggla, bokmal eller bara vill koppla av i s\u00e4ngen, \u00e4r denna kudde ett utm\u00e4rkt s\u00e4tt att h\u00e5lla sig fri fr\u00e5n sp\u00e4nningar. Den f\u00f6rh\u00f6jda ryggst\u00f6dsdesignen ger \u00f6verl\u00e4gset st\u00f6d f\u00f6r nacke och rygg, vilket g\u00f6r den till den perfekta platsen att koppla av och l\u00e4sa i s\u00e4ngen.<\/p>\n<p>V\u00e5r kudde \u00e4r multifunktionell och kan anv\u00e4ndas p\u00e5 tre olika s\u00e4tt. Oavsett om du f\u00f6redrar att anv\u00e4nda den som en uppr\u00e4tt ryggkudde, en kilkudde eller en benkudde f\u00f6r upph\u00f6jt st\u00f6d, \u00e4r den det perfekta tillbeh\u00f6ret f\u00f6r bekv\u00e4m vila och avkoppling.<\/p>\n<p>Tillverkad av sammetsliknande tyg av 100% polyester, \u00e4r v\u00e5r huvudgavelkudde fylld med milj\u00f6v\u00e4nlig och h\u00f6gelastisk polyesterfiber. Den avtagbara bolsterdynan \u00e4r enkel att maskintv\u00e4tta, medan de sm\u00e5 sidofickorna g\u00f6r denna redan lyxiga produkt praktisk.<\/p>\n<p>Dessutom \u00e4r den enkel att tv\u00e4tta, eftersom \u00f6verdraget till huvudgaveln \u00e4r f\u00e4st med knappar p\u00e5 kuddens insida och enkelt kan tas bort med en enkel dragkedja. Ta bara bort \u00f6verdraget och tv\u00e4tta det snabbt i maskin f\u00f6r att f\u00e5 din kudde att se ut som ny.<\/p>\n<p>Den stora b\u00e4lteskudden finns i olika storlekar \u2013 100 cm, 120 cm, 140 cm, 160 cm, 180 cm och 200 cm \u2013 s\u00e5 att du kan v\u00e4lja den perfekta storleken f\u00f6r din s\u00e4ng. Den finns i svart, vilket g\u00f6r den till ett elegant tillskott till alla sovrumsinredningar.<\/p>\n<p>Kunder som har k\u00f6pt v\u00e5r stora bolsterkudde har varit extremt n\u00f6jda med sitt k\u00f6p. M\u00e5nga har ber\u00f6mt kuddens &quot;mjuka och bekv\u00e4ma&quot; k\u00e4nsla, medan andra har kommenterat dess &quot;h\u00f6gkvalitativa hantverk&quot;. En kund beskrev den till och med som den &quot;perfekta kudden f\u00f6r att l\u00e4sa i s\u00e4ngen&quot;.\u201c<\/p>\n<p>Sammantaget \u00e4r v\u00e5r stora kudde ett m\u00e5ste f\u00f6r alla som s\u00f6ker komfort och lyx n\u00e4r de l\u00e4ser eller tittar p\u00e5 TV i s\u00e4ngen. Med sitt \u00f6verl\u00e4gsna hantverk, l\u00e4tttv\u00e4ttade design och m\u00e5ngsidiga funktionalitet \u00e4r denna kudde en utm\u00e4rkt investering f\u00f6r alla som vill uppgradera sin s\u00e4ngg\u00e5endesrutin.<\/p>","protected":false},"excerpt":{"rendered":"<ul>\n<li><strong>Ultimat komfort:<\/strong> Denna extra stora kudde med f\u00f6rh\u00f6jd huvudgavel erbjuder utm\u00e4rkt komfort tack vare sin rundade form. Denna l\u00e4skudde f\u00f6r huvudgaveln kan hj\u00e4lpa dig att h\u00e5lla dig sp\u00e4nningsfri i s\u00e4ngsoffan, dagb\u00e4dden eller soffan, vilket \u00e4r perfekt f\u00f6r arbetande nattugglor, bokmalar och f\u00f6r att titta p\u00e5 TV i s\u00e4ngen.<\/li>\n<li><strong>F\u00f6rh\u00f6jd ryggst\u00f6dsdesign:<\/strong> Njut av o\u00f6vertr\u00e4ffad komfort med v\u00e5r huvudgavelkuddes unika design med dubbla rader och upph\u00f6jt ryggst\u00f6d. Den upph\u00f6jda huvudgavelkudde ger \u00f6verl\u00e4gset st\u00f6d f\u00f6r din nacke och rygg, vilket g\u00f6r den till den perfekta platsen att koppla av och l\u00e4sa i s\u00e4ngen.<\/li>\n<li><strong>Multifunktionell kudde:<\/strong> Med tre olika s\u00e4tt att anv\u00e4nda den \u00e4r v\u00e5r kudde perfekt f\u00f6r alla situationer. Oavsett om du f\u00f6redrar att anv\u00e4nda den som en uppr\u00e4tt ryggkudde, en kilkudde eller en benkudde f\u00f6r upph\u00f6jt st\u00f6d, \u00e4r den det perfekta tillbeh\u00f6ret f\u00f6r bekv\u00e4m vila och avkoppling.<\/li>\n<li><strong>\u00d6verl\u00e4gset hantverk:<\/strong> Tillverkad av sammetsliknande tyg med sammans\u00e4ttningen 100% polyester, \u00e4r v\u00e5r huvudgavelkudde fylld med milj\u00f6v\u00e4nlig och h\u00f6gelastisk polyesterfiber. Den avtagbara bolsterdynan \u00e4r enkel att maskintv\u00e4tta, medan de sm\u00e5 sidofickorna g\u00f6r denna redan lyxiga produkt praktisk.<\/li>\n<li><strong>L\u00e4tt att tv\u00e4tta:<\/strong> \u00d6verdraget till huvudgaveln \u00e4r f\u00e4st vid kuddens insida med knappar och \u00e4r enkelt att ta bort med en enkel dragkedja. Detta g\u00f6r reng\u00f6ringen problemfri. Ta bara bort \u00f6verdraget och tv\u00e4tta det snabbt i maskin f\u00f6r att f\u00e5 din kudde att se ut som ny.<\/li>\n<li><strong>Storlek:<\/strong> 100 cm (L100 x B26 x H55 | 3 kolumner med knappar), 120 cm (L120 x B26 x H55 | 4 kolumner med knappar), 140 cm (L140 x B26 x H55 | 4 kolumner med knappar), 160 cm (L160 x B26 x H55 | 5 kolumner med knappar), 180 cm (L180 x B26 x H55 | 6 kolumner med knappar), 200 cm (L200 x B26 x H55 | 7 kolumner med knappar).<\/li>\n<\/ul>","protected":false},"featured_media":953,"comment_status":"open","ping_status":"closed","template":"","meta":[],"product_brand":[],"product_cat":[15],"product_tag":[108,161,172,143,59,100,162,120,65],"class_list":{"0":"post-962","1":"product","2":"type-product","3":"status-publish","4":"has-post-thumbnail","6":"product_cat-large-wedge-pillow","7":"product_tag-bed-cushion","8":"product_tag-elevated-headboard-pillow","9":"product_tag-large-bolster-cushion","10":"product_tag-multifunctional-pillow","11":"product_tag-reading-pillow","12":"product_tag-sofa-daybed-pillow","13":"product_tag-upright-back-pillow","14":"product_tag-velvet-pillow","15":"product_tag-wedge-pillow","17":"first","18":"instock","19":"shipping-taxable","20":"purchasable","21":"product-type-variable"},"_links":{"self":[{"href":"https:\/\/www.largepillow.com\/sv\/wp-json\/wp\/v2\/product\/962","targetHints":{"allow":["GET"]}}],"collection":[{"href":"https:\/\/www.largepillow.com\/sv\/wp-json\/wp\/v2\/product"}],"about":[{"href":"https:\/\/www.largepillow.com\/sv\/wp-json\/wp\/v2\/types\/product"}],"replies":[{"embeddable":true,"href":"https:\/\/www.largepillow.com\/sv\/wp-json\/wp\/v2\/comments?post=962"}],"wp:featuredmedia":[{"embeddable":true,"href":"https:\/\/www.largepillow.com\/sv\/wp-json\/wp\/v2\/media\/953"}],"wp:attachment":[{"href":"https:\/\/www.largepillow.com\/sv\/wp-json\/wp\/v2\/media?parent=962"}],"wp:term":[{"taxonomy":"product_brand","embeddable":true,"href":"https:\/\/www.largepillow.com\/sv\/wp-json\/wp\/v2\/product_brand?post=962"},{"taxonomy":"product_cat","embeddable":true,"href":"https:\/\/www.largepillow.com\/sv\/wp-json\/wp\/v2\/product_cat?post=962"},{"taxonomy":"product_tag","embeddable":true,"href":"https:\/\/www.largepillow.com\/sv\/wp-json\/wp\/v2\/product_tag?post=962"}],"curies":[{"name":"wp","href":"https:\/\/api.w.org\/{rel}","templated":true}]}}