{"id":978,"date":"2022-09-19T01:52:08","date_gmt":"2022-09-19T01:52:08","guid":{"rendered":"https:\/\/www.largepillow.com\/product\/large-wedge-bolster"},"modified":"2025-09-19T02:31:27","modified_gmt":"2025-09-19T02:31:27","slug":"kroppsstodande-kudde","status":"publish","type":"product","link":"https:\/\/www.largepillow.com\/sv\/product\/body-support-pillow\/","title":{"rendered":"Kroppsst\u00f6dande kudde"},"content":{"rendered":"<p>Den ultimata kroppsst\u00f6dkudden f\u00f6r komfort och stil<\/p>\n<p>Njut av den o\u00f6vertr\u00e4ffade komforten och st\u00f6det fr\u00e5n v\u00e5r revolutionerande Body Support Pillow. Denna m\u00e5ngsidiga kudde \u00e4r expertdesignad med premiummaterial och innovativa funktioner och f\u00f6rvandlar din avslappning och s\u00f6mnupplevelse.<\/p>\n<p>Perfekt l\u00e4skompis:<\/p>\n<p>Fly in i litteraturens v\u00e4rld med v\u00e5r rektangul\u00e4ra l\u00e4skudde. Dess mjuka vaddering ger gott om st\u00f6d f\u00f6r ryggen, vilket garanterar timmar av bekv\u00e4m l\u00e4sning eller surfning p\u00e5 din enhet. Oavsett om du ligger uppst\u00f6tt i s\u00e4ngen eller slappar i soffan, kommer denna kudde att tillgodose alla dina behov.<\/p>\n<p>M\u00e5ngsidig kroppskudde:<\/p>\n<p>Som en stor kroppskudde \u00e4r den banbrytande f\u00f6r flera positioner. St\u00f6djer enkelt din rygg, axlar, mage, ben och ryggrad. Den flexibla mikropolyesterfyllningen formar sig efter din kropp och ger anpassad komfort och avkoppling.<\/p>\n<p>Premiumkvalitet och design:<\/p>\n<p>V\u00e5r l\u00e4skudde \u00e4r noggrant tillverkad med h\u00f6gkvalitativa tyger. Tredimensionella r\u00e4nder, eleganta knappkn\u00e4ppningar och helt f\u00e5llade kanter skiljer den fr\u00e5n vanliga kuddar. Den slitstarka fiberfyllningen beh\u00e5ller sin st\u00f6djande form, vilket ger exceptionell l\u00e5ng livsl\u00e4ngd och h\u00e5llbarhet.<\/p>\n<p>Vacker sovrumsinredning:<\/p>\n<p>F\u00f6rvandla ditt sovrum till en fristad med denna vackra dekorativa s\u00e4ngkudd. Dess eleganta design ger en inbjudande touch till vilket utrymme som helst och kompletterar olika inredningsstilar. Anv\u00e4nd den som s\u00e4nggavel eller som ett elegant tillskott till din soffa.<\/p>\n<p>Enkelt underh\u00e5ll:<\/p>\n<p>Det avtagbara l\u00e4ndryggs\u00f6verdraget g\u00f6r reng\u00f6ringen enkel. \u00d6ppna bara dragkedjan och lossa knapparna f\u00f6r att ta bort \u00f6verdraget och tv\u00e4tta det i maskin. Din kudde kommer alltid att h\u00e5lla sig fr\u00e4sch och inbjudande.<\/p>\n<p>Kundomd\u00f6men:<\/p>\n<p>\u201dDen h\u00e4r kudden \u00e4r den b\u00e4sta! Den \u00e4r s\u00e5 bekv\u00e4m att l\u00e4sa med, och jag \u00e4lskar hur jag kan anv\u00e4nda den i flera positioner. Den har definitivt f\u00f6rb\u00e4ttrat min s\u00f6mnkvalitet.\u201d \u2013 Sarah J.<\/p>\n<p>\u201dJag blev f\u00f6rbluffad \u00f6ver kvaliteten p\u00e5 den h\u00e4r kudden. Tyget \u00e4r mjukt och tuftningen \u00e4r vacker. Den \u00e4r ett perfekt komplement till min sovrumsinredning.\u201d \u2013 Jessica K.<\/p>\n<p>Storlekar och specifikationer:<\/p>\n<p>V\u00e5r kroppsst\u00f6dskudde finns i olika storlekar f\u00f6r att passa dina behov:<\/p>\n<p>* 100x50x8 cm<br \/>\n* 120x50x8 cm<br \/>\n* 140x50x8 cm<br \/>\n* 160x50x8 cm<br \/>\n* 180x50x8 cm<br \/>\n* 200x50x8 cm<\/p>\n<p>Material: Polyester- och linneblandning<\/p>\n<p>Upplev den ultimata komforten och st\u00f6det med v\u00e5r Body Support-kudde. Best\u00e4ll din idag och h\u00f6j din avslappning och s\u00f6mn till nya h\u00f6jder!<\/p>","protected":false},"excerpt":{"rendered":"<ul>\n<li><strong>PERFEKT L\u00c4SKUDDE:<\/strong> Med en rektangul\u00e4r kudde fungerar denna bekv\u00e4ma l\u00e4skudd vid s\u00e4ngen perfekt f\u00f6r att ge mjukt st\u00f6d \u00e5t ryggen som en l\u00e4ndryggskudde n\u00e4r du sitter upp i s\u00e4ngen f\u00f6r att l\u00e4sa, titta p\u00e5 TV, surfa i telefon, surfa p\u00e5 surfplatta, spela tv-spel, ut\u00f6va yoga, amma och vila efter en operation.<\/li>\n<li><strong>BEKV\u00c4M KROPPSKUDDE:<\/strong> Som en stor kroppskudde ers\u00e4tter den alla vanliga s\u00e4ngst\u00f6dskuddar eller l\u00e4ndryggskuddar, skapar flera positioner som en positioneringskudde f\u00f6r att st\u00f6dja rygg, axlar, ryggrad, mage, ben och l\u00e5ter dina muskler f\u00f6rbli avslappnade. Fr\u00e4mjar en justerad ryggrad f\u00f6r alla sovare, oavsett om du beh\u00f6ver en stoppad s\u00e4ngst\u00f6dskudde eller en stor ryggst\u00f6dskudde, om du bara beh\u00f6ver mer eller mindre spati. Du kan ocks\u00e5 anv\u00e4nda den som en graviditetskudde som ger st\u00f6d f\u00f6r olika kroppsdelar och lindrar graviditetssm\u00e4rtor.<\/li>\n<li><strong>URSPRUNGLIGEN DESIGNAD MED H\u00d6GKVALITATIVT MATERIAL:<\/strong> Den rektangul\u00e4ra l\u00e4skudden har tredimensionella r\u00e4nder, tygknappar och helt f\u00e5llade kanter, vilket g\u00f6r den till den allra mest utm\u00e4rkande kudden f\u00f6r ryggst\u00f6det. \u00c4ven om den dekorativa ryggst\u00f6dskudden \u00e4r mjuk, beh\u00e5ller den sin st\u00f6djande form genom att dra full nytta av den elastiska och flexibla mikropolyesterfyllningen. S\u00e4ngkuddens tv\u00e5v\u00e4gsdragkedja \u00e4r mycket stark och h\u00e5llbar f\u00f6r l\u00e5ngvarig anv\u00e4ndning.<\/li>\n<li><strong>VACKER PYNTANDE KUDDE TILL S\u00d6NNBORDET:<\/strong> Om du beh\u00f6ver en snabb och enkel s\u00e4nggavel kan denna stoppade l\u00e4skudde f\u00f6r s\u00e4nggaveln anv\u00e4ndas som ett alternativ samtidigt som den fungerar som en vacker s\u00e4ngdekoration. Dess eleganta design kommer att ge ditt sovrum en inbjudande look. Med sitt attraktiva utseende \u00e4r denna originella ryggst\u00f6dskudde vid s\u00e4ngen justerbar f\u00f6r sovrum, hotell, sjukhus, f\u00f6nsterplats, soffa, dagb\u00e4dd, v\u00e5ningss\u00e4ng, students\u00e4ng och plattformss\u00e4ng.<\/li>\n<li><strong>AVTAGBART KUDD\u00d6VERDRAG TILL SV\u00c4NGDEN OCH L\u00c4TT ATT TV\u00c4TTA:<\/strong> Du kan enkelt ta bort s\u00e4ngkudds\u00f6verdraget genom att \u00f6ppna dragkedjan och lossa knapparna fr\u00e5n l\u00e4skudds\u00f6verdraget och tv\u00e4tta det i maskin.<\/li>\n<li><strong>Tyg:<\/strong> Blandning av polyester och linne.<\/li>\n<li><strong>Storlek:<\/strong> 100x50x8cm (3 knappar), 120x50x8cm (4 knappar), 140x50x8cm (4 knappar), 160x50x8cm (5 knappar), 180x50x8cm (6 knappar), 200x50x8cm (7 knappar)<\/li>\n<\/ul>","protected":false},"featured_media":969,"comment_status":"open","ping_status":"closed","template":"","meta":[],"product_brand":[],"product_cat":[28],"product_tag":[146,149,142,159,115,145,105,144,118,59,119,152],"class_list":{"0":"post-978","1":"product","2":"type-product","3":"status-publish","4":"has-post-thumbnail","6":"product_cat-large-body-pillow","7":"product_tag-adjustable-bedroom-pillow","8":"product_tag-bedside-cushion","9":"product_tag-bedside-reading-pillow","10":"product_tag-body-support-pillow","11":"product_tag-comfortable-body-pillow","12":"product_tag-decorative-pillow","13":"product_tag-lumbar-support","14":"product_tag-positioner-pillow","15":"product_tag-pregnancy-pillow","16":"product_tag-reading-pillow","17":"product_tag-rectangular-reading-pillow","18":"product_tag-upholstery-headboard-reading-pillow","20":"first","21":"instock","22":"featured","23":"shipping-taxable","24":"purchasable","25":"product-type-variable"},"_links":{"self":[{"href":"https:\/\/www.largepillow.com\/sv\/wp-json\/wp\/v2\/product\/978","targetHints":{"allow":["GET"]}}],"collection":[{"href":"https:\/\/www.largepillow.com\/sv\/wp-json\/wp\/v2\/product"}],"about":[{"href":"https:\/\/www.largepillow.com\/sv\/wp-json\/wp\/v2\/types\/product"}],"replies":[{"embeddable":true,"href":"https:\/\/www.largepillow.com\/sv\/wp-json\/wp\/v2\/comments?post=978"}],"wp:featuredmedia":[{"embeddable":true,"href":"https:\/\/www.largepillow.com\/sv\/wp-json\/wp\/v2\/media\/969"}],"wp:attachment":[{"href":"https:\/\/www.largepillow.com\/sv\/wp-json\/wp\/v2\/media?parent=978"}],"wp:term":[{"taxonomy":"product_brand","embeddable":true,"href":"https:\/\/www.largepillow.com\/sv\/wp-json\/wp\/v2\/product_brand?post=978"},{"taxonomy":"product_cat","embeddable":true,"href":"https:\/\/www.largepillow.com\/sv\/wp-json\/wp\/v2\/product_cat?post=978"},{"taxonomy":"product_tag","embeddable":true,"href":"https:\/\/www.largepillow.com\/sv\/wp-json\/wp\/v2\/product_tag?post=978"}],"curies":[{"name":"wp","href":"https:\/\/api.w.org\/{rel}","templated":true}]}}